{"id":29389,"date":"2020-12-07T10:54:53","date_gmt":"2020-12-07T10:54:53","guid":{"rendered":"https:\/\/gemology-cosmetics.ch\/produit\/coffret-cadeau-coffret-diamant\/"},"modified":"2025-09-17T08:04:20","modified_gmt":"2025-09-17T08:04:20","slug":"coffret-cadeau-coffret-diamant","status":"publish","type":"product","link":"https:\/\/gemology-cosmetics.ch\/de\/produkt\/coffret-cadeau-coffret-diamant\/","title":{"rendered":"Diamant-Box-Set \u2013 (Diamant-Parf\u00fcm 30 ml, Diamant-K\u00f6rper\u00f6l, Diamant-Seife)"},"content":{"rendered":"<p><b>Hinweise zur Anwendung des \u00d6ls<\/b>\u00a0: Einmal t\u00e4glich auf den K\u00f6rper auftragen und in die gew\u00fcnschten Bereiche einmassieren<\/p>\n<p><strong>Textur<\/strong>\u00a0: Trocken\u00f6l<\/p>\n<p><strong>Wertvolle Verm\u00f6genswerte:<\/strong><\/p>\n<p><strong>\u2013 Mineralien<\/strong>\u00a0: Diamant<\/p>\n<p><strong>- Pflanzen:<\/strong>\u00a0S\u00fc\u00dfmandel\u00f6l<\/p>\n<p><strong>- Andere :<\/strong>\u00a0\u00a0Vitamin E<\/p>\n<p>\u2022 Diamant sorgt somit durch Lichtbeugung f\u00fcr eine sichtbare Faltenreduzierung.<\/p>\n<p>\u2022 Jojoba\u00f6l ist daf\u00fcr bekannt, die Haut weich zu machen.<\/p>\n<p>\u2022 Vitamin E hat regenerierende und revitalisierende Eigenschaften<\/p>\n<\/p>\n<p style=\"text-align:left;\"><strong>Tipps zur Verwendung von Seife\u00a0<\/strong>: F\u00fcr den K\u00f6rper. Nach Gebrauch gut aussp\u00fclen. Kontakt mit den Augen vermeiden.<\/p>\n<p style=\"text-align:left;\"><span><strong>Textur<\/strong>\u00a0: Feste Seife<\/span><\/p>\n<p style=\"text-align:left;\"><strong>Wertvolle Verm\u00f6genswerte<\/strong>\u00a0:<\/p>\n<p style=\"text-align:left;\"><strong>\u2013 Mineralien:<\/strong> Diamant<\/p>\n<p style=\"text-align:left;\"><strong>- Pflanzen:<\/strong>\u00a0\u00a0Oliven\u00f6l, Kokos\u00f6l\u00a0<\/p>\n<p style=\"text-align:left;\">\u2022 Diamant sorgt somit durch Lichtbeugung f\u00fcr eine sichtbare Faltenreduzierung.<\/p>\n<p style=\"text-align:left;\">\u2022 Oliven\u00f6l beugt den Zeichen der Hautalterung vor und spendet intensive Feuchtigkeit.<\/p>\n<p style=\"text-align:left;\">\u2022 Kokos\u00f6l bek\u00e4mpft die Austrocknung der Haut.<\/p>\n<table>\n<tbody>\n<tr>\n<td>\n<p id=\"ingredients_title\">SEIFENINHALTSSTOFFE: NATRIUMOLIVAT, NATRIUMCOCOAT, AQUA (WASSER), PARFUM (DUFTSTOFF), GLYCERIN, HELIANTHUS ANNUUS (SONNENBLUMEN)-SAMEN\u00d6L, PRUNUS AMYGDALUS DULCIS (S\u00dcSSMALLEN)-\u00d6L, ROSMARINUS OFFICINALIS (ROSMARIN)-BLATTEXTRAKT, NATRIUMCHLORID, TETRANATRIUMGLUTAMATDIACETAT, CI 77491 (EISENOXIDE), CI 77492 (EISENOXIDE), CI 77499 (EISENOXIDE), MAGNESIUMOXID, BENZYLSALICYLAT, BUTYLPHENYLMETHYLPROPIONAL, LIMONEN.<\/p>\n<\/td>\n<\/tr>\n<\/tbody>\n<\/table>\n<table>\n<tbody>\n<tr>\n<td>\n<p>PARF\u00dcMBESTANDTEILE: ALKOHOL DENAT, PARFUM (DUFTSTOFF), AQUA (WASSER), DIAMANTPULVER, BENZYLSALICYLAT, BUTYLPHENYLMETHYLPROPIONAL, LIMONEN, CUMARIN, BENZYLBENZOAT, BENZYLALKOHOL.<\/p>\n<\/td>\n<\/tr>\n<\/tbody>\n<\/table>\n<table>\n<tbody>\n<tr>\n<td>\n<p>\u00d6LINHALTSSTOFFE: C15-19-ALKANE, CAPRYLIC\/CAPRIC, TRIGLYCERID, PARFUM (DUFTSTOFF), PRUNUS AMYGDALUS, DULCIS (S\u00dcSSMALLE)-\u00d6L, DIAMANTPULVER, TOCOPHEROL, BENZYLSALICYLAT, CUMARIN, LIMONEN.<\/p>\n<\/td>\n<\/tr>\n<\/tbody>\n<\/table>","protected":false},"excerpt":{"rendered":"<p style=\"text-align:left;\"><strong>Un coffret comprenant\u00a0:<\/strong><\/p>\n<p style=\"text-align:left;\">\u2022\u00a0Un parfum :\u00a0\u00a0Un hymne \u00e0 l\u2019\u00e9l\u00e9gance. Notes florales, Fleurs blanches telle l\u2019Orchid\u00e9e, Musc blanc pour des notes douces et poudr\u00e9es.<\/p>\n<p style=\"text-align:left;\">\u2022\u00a0<span>Une huile corps aux notes florales et poudr\u00e9es pour nourrir, r\u00e9parer et sublimer la peau. Elle p\u00e9n\u00e8tre instantan\u00e9ment sans laisser de film gras, un touch\u00e9 velours sans silicone pour une peau satin\u00e9e. Huile 100% naturelle<\/span><span><\/span><\/p>\n<p style=\"text-align:left;\">\u2022\u00a0<span>Un savon naturel \u00e0 base d\u2019huile d\u2019olive, aux notes florales et poudr\u00e9es, pour nettoyer et adoucir la peau.<\/span><span><\/span><\/p>\n<p style=\"text-align:left;\">\n<p style=\"text-align:left;\"><span><strong>Kapazit\u00e4t: <\/strong><span>\u00a0<span>30ml le parfum\u00a0<\/span><span><\/span><span>\u2013 100ml l\u2019huile\u00a0\u2013\u00a0<\/span><span><\/span><span>125g le savon\u00a0<\/span><\/span><span><\/span><\/span><\/p>","protected":false},"featured_media":29388,"comment_status":"open","ping_status":"closed","template":"","meta":[],"product_brand":[181],"product_cat":[216,206,200],"product_tag":[],"class_list":{"0":"post-29389","1":"product","2":"type-product","3":"status-publish","4":"has-post-thumbnail","6":"product_brand-gemology","7":"product_cat-coffrets-nos-selections","8":"product_cat-nos-selections","9":"product_cat-tous-les-produits","11":"first","12":"instock","13":"taxable","14":"shipping-taxable","15":"purchasable","16":"product-type-simple"},"_links":{"self":[{"href":"https:\/\/gemology-cosmetics.ch\/de\/wp-json\/wp\/v2\/product\/29389","targetHints":{"allow":["GET"]}}],"collection":[{"href":"https:\/\/gemology-cosmetics.ch\/de\/wp-json\/wp\/v2\/product"}],"about":[{"href":"https:\/\/gemology-cosmetics.ch\/de\/wp-json\/wp\/v2\/types\/product"}],"replies":[{"embeddable":true,"href":"https:\/\/gemology-cosmetics.ch\/de\/wp-json\/wp\/v2\/comments?post=29389"}],"version-history":[{"count":0,"href":"https:\/\/gemology-cosmetics.ch\/de\/wp-json\/wp\/v2\/product\/29389\/revisions"}],"wp:featuredmedia":[{"embeddable":true,"href":"https:\/\/gemology-cosmetics.ch\/de\/wp-json\/wp\/v2\/media\/29388"}],"wp:attachment":[{"href":"https:\/\/gemology-cosmetics.ch\/de\/wp-json\/wp\/v2\/media?parent=29389"}],"wp:term":[{"taxonomy":"product_brand","embeddable":true,"href":"https:\/\/gemology-cosmetics.ch\/de\/wp-json\/wp\/v2\/product_brand?post=29389"},{"taxonomy":"product_cat","embeddable":true,"href":"https:\/\/gemology-cosmetics.ch\/de\/wp-json\/wp\/v2\/product_cat?post=29389"},{"taxonomy":"product_tag","embeddable":true,"href":"https:\/\/gemology-cosmetics.ch\/de\/wp-json\/wp\/v2\/product_tag?post=29389"}],"curies":[{"name":"wp","href":"https:\/\/api.w.org\/{rel}","templated":true}]}}