{"id":29391,"date":"2020-12-07T11:02:01","date_gmt":"2020-12-07T11:02:01","guid":{"rendered":"https:\/\/gemology-cosmetics.ch\/produit\/coffret-cadeau-coffret-ambre-bleue\/"},"modified":"2025-09-17T08:04:20","modified_gmt":"2025-09-17T08:04:20","slug":"coffret-cadeau-coffret-ambre-bleue","status":"publish","type":"product","link":"https:\/\/gemology-cosmetics.ch\/de\/produkt\/coffret-cadeau-coffret-ambre-bleue\/","title":{"rendered":"Blue Amber Geschenkset \u2013 (Blue Amber Parf\u00fcm 30 ml, Blue Amber K\u00f6rper\u00f6l, Blue Amber Seife)"},"content":{"rendered":"<p><b>Hinweise zur Anwendung des \u00d6ls<\/b>\u00a0: Einmal t\u00e4glich auf den K\u00f6rper auftragen und in die gew\u00fcnschten Bereiche einmassieren<\/p>\n<p><strong>Textur<\/strong>\u00a0: Trocken\u00f6l<\/p>\n<p><strong>Wertvolle Verm\u00f6genswerte:<\/strong><\/p>\n<p><strong>\u2013 Mineralien<\/strong>\u00a0:\u00a0<span>Blauer Bernstein<\/span><span><\/span><\/p>\n<p><strong>- Pflanzen:<\/strong>\u00a0<span>Jojoba\u00f6l<\/span><span><\/span><\/p>\n<p><strong>- Andere :<\/strong>\u00a0\u00a0Vitamin E<\/p>\n<p>\u2022 <span>Blauer Bernstein regeneriert die Epidermis und sch\u00fctzt vor oxidativen Einfl\u00fcssen<\/span><span><\/span>.<\/p>\n<p>\u2022 <span>Jojoba\u00f6l ist f\u00fcr seine weichmachenden Eigenschaften bekannt<\/span><span><\/span>.<\/p>\n<p>\u2022\u00a0<span>Vitamin E hat regenerierende und revitalisierende Eigenschaften.<\/span><span><\/span><\/p>\n<\/p>\n<p style=\"text-align:left;\"><strong>Tipps zur Verwendung von Seife\u00a0<\/strong>: F\u00fcr den K\u00f6rper. Nach Gebrauch gut aussp\u00fclen. Kontakt mit den Augen vermeiden.<\/p>\n<p style=\"text-align:left;\"><span><strong>Textur<\/strong>\u00a0: Feste Seife<\/span><\/p>\n<p style=\"text-align:left;\"><strong>Wertvolle Verm\u00f6genswerte<\/strong>\u00a0:<\/p>\n<p style=\"text-align:left;\"><strong>\u2013 Mineralien:<\/strong>\u00a0<span>Blauer Bernstein\u00a0<\/span><span><\/span><\/p>\n<p style=\"text-align:left;\"><strong>- Pflanzen:<\/strong>\u00a0\u00a0Oliven\u00f6l, Kokos\u00f6l\u00a0<\/p>\n<p style=\"text-align:left;\">\u2022 <span>Blauer Bernstein regeneriert die Epidermis und sch\u00fctzt vor oxidativen Einfl\u00fcssen<\/span><span><\/span>.<\/p>\n<p style=\"text-align:left;\">\u2022 Oliven\u00f6l beugt den Zeichen der Hautalterung vor und spendet intensive Feuchtigkeit.<\/p>\n<p style=\"text-align:left;\">\u2022 Kokos\u00f6l bek\u00e4mpft die Austrocknung der Haut.<\/p>\n<table>\n<tbody>\n<tr>\n<td>\n<p id=\"ingredients_title\">SEIFENZUTATEN: <span>NATRIUMOLIVAT, NATRIUMCOCOAT, AQUA (WASSER), PARFUM (DUFTSTOFF), GLYCERIN, HELIANTHUS ANNUUS (SONNENBLUMEN)-SAMEN\u00d6L, PRUNUS AMYGDALUS DULCIS (S\u00dcSSMALLEN)-\u00d6L, ROSMARINUS OFFICINALIS (ROSMARIN)-BLATTEXTRAKT, NATRIUMCHLORID, TETRANATRIUMGLUTAMATDIACETAT, CI 77007 (ULTRAMARINE), SILICA, ALPHA-ISOMETHYLIONON, BUTYLPHENYLMETHYLPROPIONAL, CITRONELLOL, HEXYLZIMT, HYDROXYCITRONELLAL, LIMONEN, LINALOOL<\/span><span><\/span>.<\/p>\n<\/td>\n<\/tr>\n<\/tbody>\n<\/table>\n<table>\n<tbody>\n<tr>\n<td>\n<p>DUFTSTOFFE: <span>ALCOHOL DENAT, AQUA (WASSER), PARFUM (DUFTSTOFF), AMBER-PULVER, ALPHA-ISOMETHYL-IONON, BUTYLPHENYLMETHYLPROPIONAL, CITRONELLOL, HEXYLCINNAMAL, HYDROXYCITRONELLAL, LIMONEN, CI 42090 (BLAU)<\/span><span><\/span>.<\/p>\n<\/td>\n<\/tr>\n<\/tbody>\n<\/table>\n<table>\n<tbody>\n<tr>\n<td>\n<p>\u00d6LZUTATEN:<span>C15-19 ALKANE, CAPRYLIC\/CAPRIC TRIGLYCERIDE, PARFUM (DUFTSTOFF), SIMMONDSIA CHINENSIS (JOJOBA), SAMEN\u00d6L, HYMENAEA COURBARIL SAP EXTRACT, TOCOPHEROL, HYDROXYCITRONELLAL, LINALOOL, CITRONELLOL, HEXYL CINNAMAL, LIMONEN, ALPHA-ISOMETHYL IONONE<\/span><span><\/span>.<\/p>\n<\/td>\n<\/tr>\n<\/tbody>\n<\/table>","protected":false},"excerpt":{"rendered":"<p style=\"text-align:left;\"><strong>Un coffret comprenant\u00a0:<\/strong><\/p>\n<p style=\"text-align:left;\">\u2022\u00a0U<span>n parfum\u00a0: un hymne \u00e0 la f\u00e9minit\u00e9. Autour de notes florales et musqu\u00e9es pour r\u00e9v\u00e9ler la femme audacieuse<\/span><span><\/span>.<\/p>\n<p style=\"text-align:left;\">\u2022\u00a0<span>Une\u00a0<span>huile corps aux notes florales et musqu\u00e9es pour nourrir, r\u00e9parer et sublimer la peau. Elle p\u00e9n\u00e8tre instantan\u00e9ment sans laisser de film gras, un touch\u00e9 velours sans silicone pour une peau satin\u00e9e. Huile 100% naturelle.<\/span><span><\/span><\/span><span><\/span><\/p>\n<p style=\"text-align:left;\">\u2022\u00a0<span>U<span>n savon naturel \u00e0 base d\u2019huile d\u2019olive, aux notes florales et musqu\u00e9es, pour nettoyer et adoucir la peau<\/span><span><\/span>.<\/span><span><\/span><\/p>\n<p style=\"text-align:left;\"><b><span lang=\"en-us\" xml:lang=\"en-us\">Ideal pour\u00a0<\/span><\/b><span lang=\"en-us\" xml:lang=\"en-us\">:\u00a0<\/span><span lang=\"en-us\" xml:lang=\"en-us\"><span>Alle Hauttypen.\u00a0<\/span><span><\/span><\/span><span><\/span><\/p>\n<p style=\"text-align:left;\"><span><span lang=\"en-us\" xml:lang=\"en-us\"><strong>R\u00e9sultats<\/strong>\u00a0:\u00a0<span>Nettoie et purifie (savon) &#8211; Hydrate, nourrit et donne un aspect \u00e9clatant \u00e0 la peau (Huile)<\/span><span><\/span><\/span><span><\/span><\/span><\/p>\n<p style=\"text-align:left;\"><span><strong>Kapazit\u00e4t: <\/strong><span>\u00a0<span>30ml le parfum\u00a0<\/span><span><\/span><span>\u2013 100ml l\u2019huile\u00a0\u2013\u00a0<\/span><span><\/span><span>125g le savon\u00a0<\/span><\/span><span><\/span><\/span><\/p>","protected":false},"featured_media":29390,"comment_status":"open","ping_status":"closed","template":"","meta":[],"product_brand":[181],"product_cat":[216,206,200],"product_tag":[],"class_list":{"0":"post-29391","1":"product","2":"type-product","3":"status-publish","4":"has-post-thumbnail","6":"product_brand-gemology","7":"product_cat-coffrets-nos-selections","8":"product_cat-nos-selections","9":"product_cat-tous-les-produits","11":"first","12":"instock","13":"taxable","14":"shipping-taxable","15":"purchasable","16":"product-type-simple"},"_links":{"self":[{"href":"https:\/\/gemology-cosmetics.ch\/de\/wp-json\/wp\/v2\/product\/29391","targetHints":{"allow":["GET"]}}],"collection":[{"href":"https:\/\/gemology-cosmetics.ch\/de\/wp-json\/wp\/v2\/product"}],"about":[{"href":"https:\/\/gemology-cosmetics.ch\/de\/wp-json\/wp\/v2\/types\/product"}],"replies":[{"embeddable":true,"href":"https:\/\/gemology-cosmetics.ch\/de\/wp-json\/wp\/v2\/comments?post=29391"}],"version-history":[{"count":0,"href":"https:\/\/gemology-cosmetics.ch\/de\/wp-json\/wp\/v2\/product\/29391\/revisions"}],"wp:featuredmedia":[{"embeddable":true,"href":"https:\/\/gemology-cosmetics.ch\/de\/wp-json\/wp\/v2\/media\/29390"}],"wp:attachment":[{"href":"https:\/\/gemology-cosmetics.ch\/de\/wp-json\/wp\/v2\/media?parent=29391"}],"wp:term":[{"taxonomy":"product_brand","embeddable":true,"href":"https:\/\/gemology-cosmetics.ch\/de\/wp-json\/wp\/v2\/product_brand?post=29391"},{"taxonomy":"product_cat","embeddable":true,"href":"https:\/\/gemology-cosmetics.ch\/de\/wp-json\/wp\/v2\/product_cat?post=29391"},{"taxonomy":"product_tag","embeddable":true,"href":"https:\/\/gemology-cosmetics.ch\/de\/wp-json\/wp\/v2\/product_tag?post=29391"}],"curies":[{"name":"wp","href":"https:\/\/api.w.org\/{rel}","templated":true}]}}