{"id":29393,"date":"2020-12-07T11:05:11","date_gmt":"2020-12-07T11:05:11","guid":{"rendered":"https:\/\/gemology-cosmetics.ch\/produit\/coffret-cadeau-coffret-opale\/"},"modified":"2025-09-17T08:04:20","modified_gmt":"2025-09-17T08:04:20","slug":"coffret-cadeau-coffret-opale","status":"publish","type":"product","link":"https:\/\/gemology-cosmetics.ch\/de\/produkt\/coffret-cadeau-coffret-opale\/","title":{"rendered":"Opal-Geschenkset \u2013 (Opal-Parf\u00fcm 30 ml, Opal-K\u00f6rper\u00f6l, Opal-Seife)"},"content":{"rendered":"<p><b>Hinweise zur Anwendung des \u00d6ls<\/b>\u00a0: Einmal t\u00e4glich auf den K\u00f6rper auftragen und in die gew\u00fcnschten Bereiche einmassieren<\/p>\n<p><strong>Textur<\/strong>\u00a0: Trocken\u00f6l<\/p>\n<p><strong>Wertvolle Verm\u00f6genswerte:<\/strong><\/p>\n<p><strong>\u2013 Mineralien<\/strong>\u00a0:\u00a0<span>Opal<\/span><span><\/span><span><\/span><\/p>\n<p><strong>- Pflanzen:<\/strong>\u00a0<span>Hagebutte, Jojoba\u00f6l, Sonnenblumenkern\u00f6l<\/span><span><\/span><span><\/span><\/p>\n<p><strong>- Andere :<\/strong>\u00a0\u00a0Vitamin E<\/p>\n<p>\u2022 <span>Opal ist reich an Silizium. Dieses Spurenelement ist f\u00fcr seine kollagensyntheseanregenden Eigenschaften bekannt.<\/span><span><\/span>.<\/p>\n<p>\u2022 <span>Jojoba\u00f6l ist daf\u00fcr bekannt, die Haut weich zu machen<\/span>.<\/p>\n<p>\u2022\u00a0<span>Sonnenblumenkern\u00f6l hilft, den Feuchtigkeitsgehalt der Haut zu bewahren und zu erh\u00f6hen<\/span><span><\/span><span>.<\/span><span><\/span><\/p>\n<p><span>\u2022\u00a0<span>Vitamin E hat regenerierende und revitalisierende Eigenschaften.<\/span><span><\/span><\/span><\/p>\n<\/p>\n<p style=\"text-align:left;\"><strong>Tipps zur Verwendung von Seife\u00a0<\/strong>: F\u00fcr den K\u00f6rper. Nach Gebrauch gut aussp\u00fclen. Kontakt mit den Augen vermeiden.<\/p>\n<p style=\"text-align:left;\"><span><strong>Textur<\/strong>\u00a0: Feste Seife<\/span><\/p>\n<p style=\"text-align:left;\"><strong>Wertvolle Verm\u00f6genswerte<\/strong>\u00a0:<\/p>\n<p style=\"text-align:left;\"><strong>\u2013 Mineralien:<\/strong>\u00a0<span>Opal<\/span><span><\/span><span><\/span><\/p>\n<p style=\"text-align:left;\"><strong>- Pflanzen:<\/strong>\u00a0\u00a0Oliven\u00f6l, Kokos\u00f6l\u00a0<\/p>\n<p style=\"text-align:left;\">\u2022 <span>Opal ist reich an Silizium. Dieses Spurenelement ist f\u00fcr seine kollagensyntheseanregenden Eigenschaften bekannt.<\/span><span><\/span>.<\/p>\n<p style=\"text-align:left;\">\u2022 <span>Oliven\u00f6l beugt den Zeichen der Hautalterung vor und spendet intensiv Feuchtigkeit<\/span><span><\/span>.<\/p>\n<p style=\"text-align:left;\">\u2022 Kokos\u00f6l bek\u00e4mpft die Austrocknung der Haut.<\/p>\n<table>\n<tbody>\n<tr>\n<td>\n<p id=\"ingredients_title\">SEIFENZUTATEN: <span>NATRIUMOLIVAT, NATRIUMCOCOAT, AQUA (WASSER), PARFUM (DUFTSTOFF), GLYCERIN, HELIANTHUS ANNUUS (SONNENBLUMEN)-SAMEN\u00d6L, PRUNUS AMYGDALUS DULCIS (S\u00dcSSMALLEN)-\u00d6L, ROSMARINUS OFFICINALIS (ROSMARIN)-BLATTEXTRAKT, NATRIUMCHLORID, TETRANATRIUMGLUTAMATDIACETAT, CITRONELLOL, LIMONEN, LINALOOL<\/span><span><\/span>.<\/p>\n<\/td>\n<\/tr>\n<\/tbody>\n<\/table>\n<table>\n<tbody>\n<tr>\n<td>\n<p>DUFTSTOFFE: <span lang=\"en-us\" xml:lang=\"en-us\">ALCOHOL DENAT, PARFUM, AQUA (WASSER), SILICA, LIMONEN, CITRONELLOL, CUMARIN, GERANIOL, BENZYLALKOHOL, LINALOOL, ZIMT<\/span><span><\/span>.<\/p>\n<\/td>\n<\/tr>\n<\/tbody>\n<\/table>\n<table>\n<tbody>\n<tr>\n<td>\n<p>\u00d6LZUTATEN:<span lang=\"en-us\" xml:lang=\"en-us\">C15-19-ALKANE, CAPRYLIC\/CAPRIC, TRIGLYCERID, PARFUM (DUFTSTOFF), ROSA CANINA-FRUCHT\u00d6L, OPALPULVER, TOCOPHEROL, HELIANTHUS ANNUUS (SONNENBLUMEN-)HYBRID\u00d6L, SIMMONDSIA CHINENSIS (JOJOBA-)SAMEN\u00d6L, LITHOSPERMUM ERYTHRORHIZON-WURZELEXTRAKT, CUMARIN, GERANIOL, CITRONELLOL, LIMONEN.<\/span><span><\/span>.<\/p>\n<\/td>\n<\/tr>\n<\/tbody>\n<\/table>","protected":false},"excerpt":{"rendered":"<p style=\"text-align:left;\"><strong>Un coffret comprenant\u00a0:<\/strong><\/p>\n<p style=\"text-align:left;\">\u2022\u00a0U<span>n parfum\u00a0: <span>captivant, aux effluves de Figues, \u00e0 l&rsquo;essence de Bois de Santal, Osmanthus. Dans son sillage, ses notes pr\u00e9cieuses lui conf\u00e8rent la raret\u00e9 de l\u2019instant<\/span><span><\/span><\/span>.<\/p>\n<p style=\"text-align:left;\">\u2022\u00a0<span>U<span>ne huile corps aux notes chypr\u00e9es, florales et santal\u00e9es pour nourrir, r\u00e9parer et sublimer la peau. Elle p\u00e9n\u00e8tre instantan\u00e9ment sans laisser de film gras, un touch\u00e9 velours sans silicone pour une peau satin\u00e9e. Huile 100% naturelle<\/span><span><\/span><span>.<\/span><span><\/span><\/span><span><\/span><\/p>\n<p style=\"text-align:left;\">\u2022\u00a0<span>U<span>n\u00a0<span>savon naturel \u00e0 base d\u2019huile d\u2019olive, aux notes chypr\u00e9es, florales et santal\u00e9es, pour nettoyer et adoucir la peau<\/span><span><\/span><\/span>.<\/span><span><\/span><\/p>\n<p style=\"text-align:left;\"><b><span lang=\"en-us\" xml:lang=\"en-us\">Ideal pour\u00a0<\/span><\/b><span lang=\"en-us\" xml:lang=\"en-us\">:\u00a0<\/span><span lang=\"en-us\" xml:lang=\"en-us\"><span>Alle Hauttypen.\u00a0<\/span><span><\/span><\/span><span><\/span><\/p>\n<p style=\"text-align:left;\"><span><span lang=\"en-us\" xml:lang=\"en-us\"><strong>R\u00e9sultats<\/strong>\u00a0:\u00a0<span>Nettoie et purifie (savon) &#8211; Hydrate, nourrit et donne un aspect \u00e9clatant \u00e0 la peau (Huile)<\/span><span><\/span><\/span><span><\/span><\/span><\/p>\n<p style=\"text-align:left;\"><span><strong>Kapazit\u00e4t: <\/strong><span>\u00a0<span>30ml le parfum\u00a0<\/span><span><\/span><span>\u2013 100ml l\u2019huile\u00a0\u2013\u00a0<\/span><span><\/span><span>125g le savon\u00a0<\/span><\/span><span><\/span><\/span><\/p>","protected":false},"featured_media":29392,"comment_status":"open","ping_status":"closed","template":"","meta":[],"product_brand":[181],"product_cat":[216,206,200],"product_tag":[],"class_list":{"0":"post-29393","1":"product","2":"type-product","3":"status-publish","4":"has-post-thumbnail","6":"product_brand-gemology","7":"product_cat-coffrets-nos-selections","8":"product_cat-nos-selections","9":"product_cat-tous-les-produits","11":"first","12":"instock","13":"taxable","14":"shipping-taxable","15":"purchasable","16":"product-type-simple"},"_links":{"self":[{"href":"https:\/\/gemology-cosmetics.ch\/de\/wp-json\/wp\/v2\/product\/29393","targetHints":{"allow":["GET"]}}],"collection":[{"href":"https:\/\/gemology-cosmetics.ch\/de\/wp-json\/wp\/v2\/product"}],"about":[{"href":"https:\/\/gemology-cosmetics.ch\/de\/wp-json\/wp\/v2\/types\/product"}],"replies":[{"embeddable":true,"href":"https:\/\/gemology-cosmetics.ch\/de\/wp-json\/wp\/v2\/comments?post=29393"}],"version-history":[{"count":0,"href":"https:\/\/gemology-cosmetics.ch\/de\/wp-json\/wp\/v2\/product\/29393\/revisions"}],"wp:featuredmedia":[{"embeddable":true,"href":"https:\/\/gemology-cosmetics.ch\/de\/wp-json\/wp\/v2\/media\/29392"}],"wp:attachment":[{"href":"https:\/\/gemology-cosmetics.ch\/de\/wp-json\/wp\/v2\/media?parent=29393"}],"wp:term":[{"taxonomy":"product_brand","embeddable":true,"href":"https:\/\/gemology-cosmetics.ch\/de\/wp-json\/wp\/v2\/product_brand?post=29393"},{"taxonomy":"product_cat","embeddable":true,"href":"https:\/\/gemology-cosmetics.ch\/de\/wp-json\/wp\/v2\/product_cat?post=29393"},{"taxonomy":"product_tag","embeddable":true,"href":"https:\/\/gemology-cosmetics.ch\/de\/wp-json\/wp\/v2\/product_tag?post=29393"}],"curies":[{"name":"wp","href":"https:\/\/api.w.org\/{rel}","templated":true}]}}