{"id":29401,"date":"2022-07-04T15:55:27","date_gmt":"2022-07-04T15:55:27","guid":{"rendered":"https:\/\/gemology-cosmetics.ch\/produit\/recharge-diffuseur-2\/"},"modified":"2025-09-17T08:04:20","modified_gmt":"2025-09-17T08:04:20","slug":"recharge-diffuseur-2","status":"publish","type":"product","link":"https:\/\/gemology-cosmetics.ch\/de\/produkt\/recharge-diffuseur-2\/","title":{"rendered":"Maxi-Diffusor-Nachf\u00fcllpackung 500 ml"},"content":{"rendered":"<p><strong>Anwendung:<\/strong> Schrauben Sie den schwarzen Ring vom Diffusor ab und f\u00fcllen Sie ihn mit der Nachf\u00fcllung. Schrauben Sie den Ring anschlie\u00dfend wieder auf.<\/p>","protected":false},"excerpt":{"rendered":"<p>Ce diffuseur est une association de notes gourmandes et fraiches, une alliance entre \u00e9l\u00e9gance et modernit\u00e9.<\/p>\n<p>Un sublime \u00e9quilibre de notes fruit\u00e9es ensoleill\u00e9es, d\u2019Agrumes et de Figues, associ\u00e9es aux senteurs florales de Fleurs de Tiar\u00e9 et de Fleurs Blanches, pour une exp\u00e9rience sensorielle Gourmande, Musqu\u00e9e, et Vanill\u00e9e.<\/p>\n<p><strong>Geruchsnoten:<\/strong>\u00a0Eine erhabene Balance aus sonnigen, fruchtigen Noten von Zitrusfr\u00fcchten und Feigen, kombiniert mit den blumigen D\u00fcften von Tiar\u00e9-Bl\u00fcten und wei\u00dfen Bl\u00fcten, f\u00fcr ein Gourmet-Erlebnis mit Moschus- und Vanillearomen.<\/p>\n<p><strong>Kapazit\u00e4t:<\/strong>\u00a0500ml<\/p>","protected":false},"featured_media":29400,"comment_status":"open","ping_status":"closed","template":"","meta":[],"product_brand":[181],"product_cat":[211,208,200],"product_tag":[],"class_list":{"0":"post-29401","1":"product","2":"type-product","3":"status-publish","4":"has-post-thumbnail","6":"product_brand-gemology","7":"product_cat-diffuseurs-d-ambiance","8":"product_cat-nouveautes","9":"product_cat-tous-les-produits","11":"first","12":"instock","13":"taxable","14":"shipping-taxable","15":"purchasable","16":"product-type-simple"},"_links":{"self":[{"href":"https:\/\/gemology-cosmetics.ch\/de\/wp-json\/wp\/v2\/product\/29401","targetHints":{"allow":["GET"]}}],"collection":[{"href":"https:\/\/gemology-cosmetics.ch\/de\/wp-json\/wp\/v2\/product"}],"about":[{"href":"https:\/\/gemology-cosmetics.ch\/de\/wp-json\/wp\/v2\/types\/product"}],"replies":[{"embeddable":true,"href":"https:\/\/gemology-cosmetics.ch\/de\/wp-json\/wp\/v2\/comments?post=29401"}],"version-history":[{"count":0,"href":"https:\/\/gemology-cosmetics.ch\/de\/wp-json\/wp\/v2\/product\/29401\/revisions"}],"wp:featuredmedia":[{"embeddable":true,"href":"https:\/\/gemology-cosmetics.ch\/de\/wp-json\/wp\/v2\/media\/29400"}],"wp:attachment":[{"href":"https:\/\/gemology-cosmetics.ch\/de\/wp-json\/wp\/v2\/media?parent=29401"}],"wp:term":[{"taxonomy":"product_brand","embeddable":true,"href":"https:\/\/gemology-cosmetics.ch\/de\/wp-json\/wp\/v2\/product_brand?post=29401"},{"taxonomy":"product_cat","embeddable":true,"href":"https:\/\/gemology-cosmetics.ch\/de\/wp-json\/wp\/v2\/product_cat?post=29401"},{"taxonomy":"product_tag","embeddable":true,"href":"https:\/\/gemology-cosmetics.ch\/de\/wp-json\/wp\/v2\/product_tag?post=29401"}],"curies":[{"name":"wp","href":"https:\/\/api.w.org\/{rel}","templated":true}]}}