{"id":29406,"date":"2024-06-28T15:59:00","date_gmt":"2024-06-28T15:59:00","guid":{"rendered":"https:\/\/gemology-cosmetics.ch\/produit\/trousse-essentielle-3\/"},"modified":"2025-09-17T08:04:20","modified_gmt":"2025-09-17T08:04:20","slug":"trousse-essentielle-3","status":"publish","type":"product","link":"https:\/\/gemology-cosmetics.ch\/de\/produkt\/trousse-essentielle-3\/","title":{"rendered":"\u201eBeruhigendes\u201c Reiseset"},"content":{"rendered":"<p><strong>Gebrauchsanweisung:<\/strong><\/p>\n<ul>\n<li><span>Pearly Jewel Gesichts-Make-up-Entferner:\u00a0<\/span><em>Nehmen Sie eine kleine Menge in Ihre H\u00e4nde und emulgieren Sie sie auf der Haut, sodass sich die Milch in Wasser verwandelt, und sp\u00fclen Sie sie anschlie\u00dfend mit feuchten Kompressen ab.<\/em><\/li>\n<\/ul>\n<ul>\n<li>Saphirlotion: <em>Morgens und abends nach der Reinigung oder dem Abschminken direkt mit den Fingern auf das Gesicht auftragen und einmassieren. Kein Absp\u00fclen erforderlich.<\/em><\/li>\n<\/ul>\n<ul>\n<li>Smithsonit-Creme: <em>Morgens und\/oder abends auftragen.<\/em><\/li>\n<\/ul>\n<ul>\n<li>Saphircreme: <em>Morgens und\/oder abends auftragen.<\/em><\/li>\n<\/ul>\n<p><strong>Zusammensetzung:<\/strong><\/p>\n<ul>\n<li><span>Der Mondstein<\/span><span>, reich an Kalium und Silizium, reinigt und hydratisiert.<\/span><\/li>\n<li><span>Der Saphir<\/span><span>, reich an Eisen, st\u00e4rkt die Haut und stimuliert die Kollagenproduktion, um die Haut zu straffen.<\/span><\/li>\n<li><span>Der Smithsonit<\/span><span>, reich an Zink, beruhigt, sch\u00fctzt und repariert.<\/span><\/li>\n<\/ul>\n<p><strong>Unsere Verpflichtungen:<\/strong><\/p>\n<p>Die Verpackung dieses Produkts besteht aus Rohrzucker als Alternative zu Kunststoff. Seine einzigartigen Eigenschaften machen ihn zu einem \u00f6kologischen Material, das heute unverzichtbar ist.<\/p>\n<p>Verpackungen aus Zuckerrohr sind:<\/p>\n<ul>\n<li>Wertstoffe<\/li>\n<li>Biologisch gewonnen<\/li>\n<li>Biologisch abbaubar<\/li>\n<li>Kompostierbar<\/li>\n<\/ul>\n<p>Durch die Wahl von Zuckerrohr setzt Gemology seinen echten und aufrichtigen umweltbewussten Ansatz fort und begrenzt die Verbreitung von Plastik in der Natur.<\/p>","protected":false},"excerpt":{"rendered":"<p><span>Nos 4 essentiels visage pour retrouver une peau apais\u00e9e, r\u00e9g\u00e9n\u00e9r\u00e9e et prot\u00e9g\u00e9e r\u00e9unis dans une trousse ! La barri\u00e8re cutan\u00e9e est r\u00e9par\u00e9e et restaur\u00e9e. Une mani\u00e8re parfaite de tester les produits Gemology et un super cadeau \u00e0 offrir \u00e0 ses proches.<\/span><\/p>\n<p><strong>UNE TROUSSE COMPRENANT :<\/strong><\/p>\n<ul>\n<li>Bijou Nacr\u00e9, d\u00e9maquillant visage (40 ml) : \u00e9limine en douceur le maquillage et les impuret\u00e9s quotidiennes.<\/li>\n<li>Lotion Saphir (40 ml) : prot\u00e8ge, renforce et apporte une sensation de confort \u00e0 la peau.<\/li>\n<li>Cr\u00e8me \u00e0 la Smithsonite (15 ml) : bouclier contre le stress, un pansement min\u00e9ral dont les effets d\u00e9marrent d\u00e8s l\u2019application et se prolongent tout au long de la journ\u00e9e. C\u2019est le soin \u00ab SOS \u00bb de toutes les peaux fragilis\u00e9es.<\/li>\n<li>Cr\u00e8me au Saphir (15 ml) : hydrate la peau et nourrit intens\u00e9ment, laissant une sensation unique de fra\u00eecheur. Riche en fer, le Saphir prot\u00e8ge la peau pour une meilleure tonicit\u00e9.<\/li>\n<\/ul>","protected":false},"featured_media":29404,"comment_status":"open","ping_status":"closed","template":"","meta":[],"product_brand":[181],"product_cat":[236,226,205,206,208,204,200],"product_tag":[],"class_list":{"0":"post-29406","1":"product","2":"type-product","3":"status-publish","4":"has-post-thumbnail","6":"product_brand-gemology","7":"product_cat-formats-voyage-soins","8":"product_cat-idees-cadeaux-nos-selections","9":"product_cat-meilleures-ventes","10":"product_cat-nos-selections","11":"product_cat-nouveautes","12":"product_cat-set-decouverte","13":"product_cat-tous-les-produits","15":"first","16":"instock","17":"taxable","18":"shipping-taxable","19":"purchasable","20":"product-type-simple"},"_links":{"self":[{"href":"https:\/\/gemology-cosmetics.ch\/de\/wp-json\/wp\/v2\/product\/29406","targetHints":{"allow":["GET"]}}],"collection":[{"href":"https:\/\/gemology-cosmetics.ch\/de\/wp-json\/wp\/v2\/product"}],"about":[{"href":"https:\/\/gemology-cosmetics.ch\/de\/wp-json\/wp\/v2\/types\/product"}],"replies":[{"embeddable":true,"href":"https:\/\/gemology-cosmetics.ch\/de\/wp-json\/wp\/v2\/comments?post=29406"}],"version-history":[{"count":0,"href":"https:\/\/gemology-cosmetics.ch\/de\/wp-json\/wp\/v2\/product\/29406\/revisions"}],"wp:featuredmedia":[{"embeddable":true,"href":"https:\/\/gemology-cosmetics.ch\/de\/wp-json\/wp\/v2\/media\/29404"}],"wp:attachment":[{"href":"https:\/\/gemology-cosmetics.ch\/de\/wp-json\/wp\/v2\/media?parent=29406"}],"wp:term":[{"taxonomy":"product_brand","embeddable":true,"href":"https:\/\/gemology-cosmetics.ch\/de\/wp-json\/wp\/v2\/product_brand?post=29406"},{"taxonomy":"product_cat","embeddable":true,"href":"https:\/\/gemology-cosmetics.ch\/de\/wp-json\/wp\/v2\/product_cat?post=29406"},{"taxonomy":"product_tag","embeddable":true,"href":"https:\/\/gemology-cosmetics.ch\/de\/wp-json\/wp\/v2\/product_tag?post=29406"}],"curies":[{"name":"wp","href":"https:\/\/api.w.org\/{rel}","templated":true}]}}