{"id":29411,"date":"2024-07-03T15:55:35","date_gmt":"2024-07-03T15:55:35","guid":{"rendered":"https:\/\/gemology-cosmetics.ch\/produit\/concentre-smithsonite\/"},"modified":"2025-09-17T08:04:20","modified_gmt":"2025-09-17T08:04:20","slug":"concentre-smithsonite","status":"publish","type":"product","link":"https:\/\/gemology-cosmetics.ch\/de\/produkt\/concentre-smithsonite\/","title":{"rendered":"Smithsonit-Konzentrat \u2013 beruhigend, sch\u00fctzend"},"content":{"rendered":"<p><strong>Gebrauchsanweisung:<\/strong>\u00a0Morgens und\/oder abends einige Tropfen unter der Creme auf Gesicht und Hals auftragen.\u00a0\u00a0<\/p>\n<p><strong>Textur:<\/strong>\u00a0einfrieren<\/p>\n<p><strong>Wertvolle Verm\u00f6genswerte:<\/strong><\/p>\n<p>\u2013 <strong>Mineralien:<\/strong> Smithsonit, Perlmutt<br \/><strong>\u2013 Spurenelemente:<\/strong> Zink, Kalzium<br \/><strong>- Andere :<\/strong>\u00a0Hyalurons\u00e4ure\u00a0<\/p>\n<ul>\n<li>Smithsonit ist ein Stein, der reich an Zink ist. Dieses Spurenelement ist ein kraftvoller beruhigender, regenerierender und sch\u00fctzender Inhaltsstoff.\u00a0<\/li>\n<li>Calcium aus Perlmutt stimuliert die Zellerneuerung der Hautbarriere.\u00a0<\/li>\n<li>Hyalurons\u00e4ure spendet Feuchtigkeit und gl\u00e4ttet die Hautstruktur.<\/li>\n<\/ul>\n<p><strong>Zutaten:<\/strong><\/p>\n<p>AQUA (WASSER), GLYCERIN, ROSA CENTIFOLIA-BL\u00dcTENWASSER, SMITHSONIT-EXTRAKT, NATRIUMBENZOAT, XANTHANGUMMI, PERLMUTTPULVER, NATRIUMHYALURONAT<\/p>","protected":false},"excerpt":{"rendered":"<p>Prot\u00e9gez votre peau des agressions ext\u00e9rieures avec le Concentr\u00e9 R\u00e9parateur \u00e0 la Smithsonite.<\/p>\n<p>Le Zinc extrait de la Smithsonite et le calcium issu de la Nacre combinent leurs forces pour r\u00e9parer et prot\u00e9ger la peau tout en stimulant le renouvellement cellulaire.<\/p>\n<p><strong>Ergebnisse:<\/strong>\u00a0La peau est apais\u00e9e, r\u00e9par\u00e9e et prot\u00e9g\u00e9e.<\/p>\n<p><strong>Ideal f\u00fcr:<\/strong>\u00a0Tous types de peaux sensibles et r\u00e9actives.<\/p>\n<p>50-ml-Glas<\/p>","protected":false},"featured_media":29407,"comment_status":"open","ping_status":"closed","template":"","meta":[],"product_brand":[181],"product_cat":[218,244,202,200],"product_tag":[],"class_list":{"0":"post-29411","1":"product","2":"type-product","3":"status-publish","4":"has-post-thumbnail","6":"product_brand-gemology","7":"product_cat-concentres-serum-et-huile-soins","8":"product_cat-peaux-sensibles-soins","9":"product_cat-soins","10":"product_cat-tous-les-produits","12":"first","13":"instock","14":"taxable","15":"shipping-taxable","16":"purchasable","17":"product-type-simple"},"_links":{"self":[{"href":"https:\/\/gemology-cosmetics.ch\/de\/wp-json\/wp\/v2\/product\/29411","targetHints":{"allow":["GET"]}}],"collection":[{"href":"https:\/\/gemology-cosmetics.ch\/de\/wp-json\/wp\/v2\/product"}],"about":[{"href":"https:\/\/gemology-cosmetics.ch\/de\/wp-json\/wp\/v2\/types\/product"}],"replies":[{"embeddable":true,"href":"https:\/\/gemology-cosmetics.ch\/de\/wp-json\/wp\/v2\/comments?post=29411"}],"version-history":[{"count":0,"href":"https:\/\/gemology-cosmetics.ch\/de\/wp-json\/wp\/v2\/product\/29411\/revisions"}],"wp:featuredmedia":[{"embeddable":true,"href":"https:\/\/gemology-cosmetics.ch\/de\/wp-json\/wp\/v2\/media\/29407"}],"wp:attachment":[{"href":"https:\/\/gemology-cosmetics.ch\/de\/wp-json\/wp\/v2\/media?parent=29411"}],"wp:term":[{"taxonomy":"product_brand","embeddable":true,"href":"https:\/\/gemology-cosmetics.ch\/de\/wp-json\/wp\/v2\/product_brand?post=29411"},{"taxonomy":"product_cat","embeddable":true,"href":"https:\/\/gemology-cosmetics.ch\/de\/wp-json\/wp\/v2\/product_cat?post=29411"},{"taxonomy":"product_tag","embeddable":true,"href":"https:\/\/gemology-cosmetics.ch\/de\/wp-json\/wp\/v2\/product_tag?post=29411"}],"curies":[{"name":"wp","href":"https:\/\/api.w.org\/{rel}","templated":true}]}}