{"id":29415,"date":"2024-07-04T13:38:34","date_gmt":"2024-07-04T13:38:34","guid":{"rendered":"https:\/\/gemology-cosmetics.ch\/produit\/diffuseur-d-ambiance-2\/"},"modified":"2025-09-17T08:04:20","modified_gmt":"2025-09-17T08:04:20","slug":"diffuseur-d-ambiance-2","status":"publish","type":"product","link":"https:\/\/gemology-cosmetics.ch\/de\/produkt\/diffuseur-d-ambiance-2\/","title":{"rendered":"XXL-Raumdiffusor"},"content":{"rendered":"<p>Tipps zur Verwendung des Raumdiffusors:<\/p>\n<ul>\n<li>Schrauben Sie den schwarzen Ring ab, entfernen Sie die Plastikkappe und schrauben Sie den Ring wieder auf.<\/li>\n<li>Tauchen Sie die schwarzen Stiele in die Flasche und stellen Sie den Diffusor in den zu parf\u00fcmierenden Raum.<\/li>\n<li>Drehen Sie die Stiele von Zeit zu Zeit.<\/li>\n<\/ul>","protected":false},"excerpt":{"rendered":"<p>Entdecken Sie die olfaktorische Welt von Gemology mit dem White Tea and Fig Room Diffuser.<\/p>\n<p>Seine erhabenen Noten von Zitrusfr\u00fcchten und Feigen, kombiniert mit blumigen D\u00fcften von Tiar\u00e9-Bl\u00fcten und wei\u00dfen Blumen, bieten Ihnen eine einzigartige Kombination aus Zartheit und Subtilit\u00e4t in Ihrem Zuhause.\u00a0<\/p>\n<p><strong>Offizielle Hinweise:<\/strong> Eine erhabene Balance aus sonnigen, fruchtigen Noten von Zitrusfr\u00fcchten und Feigen, kombiniert mit den blumigen D\u00fcften von Tiar\u00e9-Bl\u00fcten und wei\u00dfen Bl\u00fcten, f\u00fcr ein Gourmet-Erlebnis mit Moschus- und Vanillearomen.\u00a0<\/p>\n<p><strong>Kapazit\u00e4t:<\/strong>\u00a0500ml + Tiges en Bambou noires<\/p>","protected":false},"featured_media":29412,"comment_status":"open","ping_status":"closed","template":"","meta":[],"product_brand":[181],"product_cat":[211,203,206,208,200],"product_tag":[],"class_list":{"0":"post-29415","1":"product","2":"type-product","3":"status-publish","4":"has-post-thumbnail","6":"product_brand-gemology","7":"product_cat-diffuseurs-d-ambiance","8":"product_cat-fragrances","9":"product_cat-nos-selections","10":"product_cat-nouveautes","11":"product_cat-tous-les-produits","13":"first","14":"instock","15":"taxable","16":"shipping-taxable","17":"purchasable","18":"product-type-simple"},"_links":{"self":[{"href":"https:\/\/gemology-cosmetics.ch\/de\/wp-json\/wp\/v2\/product\/29415","targetHints":{"allow":["GET"]}}],"collection":[{"href":"https:\/\/gemology-cosmetics.ch\/de\/wp-json\/wp\/v2\/product"}],"about":[{"href":"https:\/\/gemology-cosmetics.ch\/de\/wp-json\/wp\/v2\/types\/product"}],"replies":[{"embeddable":true,"href":"https:\/\/gemology-cosmetics.ch\/de\/wp-json\/wp\/v2\/comments?post=29415"}],"version-history":[{"count":0,"href":"https:\/\/gemology-cosmetics.ch\/de\/wp-json\/wp\/v2\/product\/29415\/revisions"}],"wp:featuredmedia":[{"embeddable":true,"href":"https:\/\/gemology-cosmetics.ch\/de\/wp-json\/wp\/v2\/media\/29412"}],"wp:attachment":[{"href":"https:\/\/gemology-cosmetics.ch\/de\/wp-json\/wp\/v2\/media?parent=29415"}],"wp:term":[{"taxonomy":"product_brand","embeddable":true,"href":"https:\/\/gemology-cosmetics.ch\/de\/wp-json\/wp\/v2\/product_brand?post=29415"},{"taxonomy":"product_cat","embeddable":true,"href":"https:\/\/gemology-cosmetics.ch\/de\/wp-json\/wp\/v2\/product_cat?post=29415"},{"taxonomy":"product_tag","embeddable":true,"href":"https:\/\/gemology-cosmetics.ch\/de\/wp-json\/wp\/v2\/product_tag?post=29415"}],"curies":[{"name":"wp","href":"https:\/\/api.w.org\/{rel}","templated":true}]}}