{"id":29419,"date":"2024-07-04T14:37:54","date_gmt":"2024-07-04T14:37:54","guid":{"rendered":"https:\/\/gemology-cosmetics.ch\/produit\/applicateur-jade\/"},"modified":"2025-09-17T08:04:20","modified_gmt":"2025-09-17T08:04:20","slug":"applicateur-jade","status":"publish","type":"product","link":"https:\/\/gemology-cosmetics.ch\/de\/produkt\/applicateur-jade\/","title":{"rendered":"Jade-Gesichtsapplikator"},"content":{"rendered":"<p><strong>Gebrauchsanweisung:\u00a0<\/strong><\/p>\n<p>Der Jade-Applikator kann mit Rosenquarz-Lotion, Jade-Serum, Peridot-Konzentrat und Peridot-Delight verwendet werden.<\/p>\n<p>Tragen Sie das Produkt wie gewohnt mit den H\u00e4nden auf und verwenden Sie dann den Applikator 1 Minute lang f\u00fcr Lotion, Serum und Konzentrat und 2 Minuten f\u00fcr Peridot Delight in kreisenden Bewegungen vom Hals bis zur Stirn.<\/p>\n<p><strong>Zutaten:<\/strong><\/p>\n<p>Jade<\/p><\/p>","protected":false},"excerpt":{"rendered":"<p>L\u2019applicateur Jade renforce les bienfaits des produits hydratants en offrant des actions tonifiantes et repulpantes.<\/p>\n<p>Il favorise l\u2019absorption des produits et stimule la microcirculation.<\/p>\n<\/p>\n<p><strong>Ideal f\u00fcr:<\/strong> Les peaux s\u00e8ches. La Jade, en lithoth\u00e9rapie a des actions \u00e9nergisantes.<\/p>\n<p><strong>Ergebnisse:<\/strong> Les produits sont parfaitement absorb\u00e9s. La peau est tonifi\u00e9e, repulp\u00e9e et regalb\u00e9e. La peau est parfaitement hydrat\u00e9e, tonifi\u00e9e et apais\u00e9e.\u00a0<\/p>","protected":false},"featured_media":29416,"comment_status":"open","ping_status":"closed","template":"","meta":[],"product_brand":[181],"product_cat":[218,206,208,202,200],"product_tag":[],"class_list":{"0":"post-29419","1":"product","2":"type-product","3":"status-publish","4":"has-post-thumbnail","6":"product_brand-gemology","7":"product_cat-concentres-serum-et-huile-soins","8":"product_cat-nos-selections","9":"product_cat-nouveautes","10":"product_cat-soins","11":"product_cat-tous-les-produits","13":"first","14":"instock","15":"taxable","16":"shipping-taxable","17":"purchasable","18":"product-type-simple"},"_links":{"self":[{"href":"https:\/\/gemology-cosmetics.ch\/de\/wp-json\/wp\/v2\/product\/29419","targetHints":{"allow":["GET"]}}],"collection":[{"href":"https:\/\/gemology-cosmetics.ch\/de\/wp-json\/wp\/v2\/product"}],"about":[{"href":"https:\/\/gemology-cosmetics.ch\/de\/wp-json\/wp\/v2\/types\/product"}],"replies":[{"embeddable":true,"href":"https:\/\/gemology-cosmetics.ch\/de\/wp-json\/wp\/v2\/comments?post=29419"}],"version-history":[{"count":0,"href":"https:\/\/gemology-cosmetics.ch\/de\/wp-json\/wp\/v2\/product\/29419\/revisions"}],"wp:featuredmedia":[{"embeddable":true,"href":"https:\/\/gemology-cosmetics.ch\/de\/wp-json\/wp\/v2\/media\/29416"}],"wp:attachment":[{"href":"https:\/\/gemology-cosmetics.ch\/de\/wp-json\/wp\/v2\/media?parent=29419"}],"wp:term":[{"taxonomy":"product_brand","embeddable":true,"href":"https:\/\/gemology-cosmetics.ch\/de\/wp-json\/wp\/v2\/product_brand?post=29419"},{"taxonomy":"product_cat","embeddable":true,"href":"https:\/\/gemology-cosmetics.ch\/de\/wp-json\/wp\/v2\/product_cat?post=29419"},{"taxonomy":"product_tag","embeddable":true,"href":"https:\/\/gemology-cosmetics.ch\/de\/wp-json\/wp\/v2\/product_tag?post=29419"}],"curies":[{"name":"wp","href":"https:\/\/api.w.org\/{rel}","templated":true}]}}