{"id":29425,"date":"2024-07-10T09:18:59","date_gmt":"2024-07-10T09:18:59","guid":{"rendered":"https:\/\/gemology-cosmetics.ch\/produit\/masque-de-nuit-perle-blanche-2\/"},"modified":"2025-09-17T08:04:21","modified_gmt":"2025-09-17T08:04:21","slug":"masque-de-nuit-perle-blanche-2","status":"publish","type":"product","link":"https:\/\/gemology-cosmetics.ch\/de\/produkt\/masque-de-nuit-perle-blanche-2\/","title":{"rendered":"White Pearl Nachtmaske \u2013 Beruhigend \u2013 Reisegr\u00f6\u00dfe"},"content":{"rendered":"<p><strong>Gebrauchsanweisung:\u00a0<\/strong>Tragen Sie die Maske d\u00fcnn auf die gereinigte Haut von Gesicht und Hals auf, vermeiden Sie dabei die Augenpartie. Nach 20 Minuten bleibt ein Film auf der Hautoberfl\u00e4che zur\u00fcck. Massieren Sie die Wirkstoffe gr\u00fcndlich ein und lassen Sie sie wie eine Nachtcreme auf der Haut. Am n\u00e4chsten Morgen mit kaltem Wasser absp\u00fclen.<\/p>\n<p><strong>Textur:<\/strong> Buttercreme\u00a0<\/p>\n<p><strong>Wertvolle Verm\u00f6genswerte:\u00a0<\/strong><\/p>\n<p><strong>\u2013 Mineral:<\/strong> Wei\u00dfe Perle\u00a0<\/p>\n<p><strong>- Andere :<\/strong> Weichmacher, Silizium- und Rhamnose-Komplex<\/p>\n<ul>\n<li>GemWhite: Stimuliert die Ausstrahlung der Haut durch Reduzierung des Melanintransfers, der MSH-Hormonsynthese und Begrenzung der Melaninsynthese\u00a0<\/li>\n<li>Weichmacher: Verhindert Wasserverlust, spendet Feuchtigkeit und macht die Haut weich\u00a0<\/li>\n<li>Bisabolol: Aufhellende Wirkung<\/li>\n<li>Silizium- und Rhamnosekomplex: Aufhellende Wirkung auf Pigmentflecken sowie feuchtigkeitsspendende und Anti-Aging-Eigenschaften\u00a0<\/li>\n<\/ul>\n<p>Pflege garantiert parabenfrei, alkoholfrei und propylenglykolfrei.<\/p>\n<\/p>\n<p><strong>Zutaten:<\/strong><\/p>\n<p>AQUA (WASSER), GLYCERIN, ISOPROPYLPALMITAT, ISONONYLISONONANOAT, CYCLOPENTASILOXAN, DIMETHICON, DICAPRYLYLCARBONAT, CETYLALKOHOL, GLYCERYLSTEARAT, METHYLPROPANDIOL, BISABOLOL, POLYACRYLAT-13, C30-45-ALKYLDIMETHICONE, PEG-75-STEARAT, DIMETHICON-KREUZPOLYMER, PHENOXYETHANOL, PARFUM (DUFTSTOFF), NIACINAMID, POLYISOBUTEN, NATRIUMPOLYACRYLAT, CETETH-20, STEARETH-20, C30-45-OLEFIN, CAPRYLYLGLYKOL, ACRYLATE\/C10-30-ALKYLACRYLAT-KREUZPOLYMER, ASCORBYLGLUCOSID, CHLORPHENESIN, RHAMNOSE, DINATRIUM EDTA, TOCOPHERYLACETAT, POLYSORBAT 20, SORBITAN-ISOSTEARAT, PERLMUTTPULVER, ADENOSIN, NATRIUMHYDROXID, ZITRONENS\u00c4URE, SILANTRIOL, TOCOPHEROL<\/p><\/p>","protected":false},"excerpt":{"rendered":"<p>Prenez soin de votre peau durant votre sommeil avec le masque nuit Perle Blanche.\u00a0<\/p>\n<p>Enrichi en Perle Blanche et en vitamine C stabilis\u00e9 il va agir au c\u0153ur de votre \u00e9piderme pour redonner \u00e0 votre hydratation, confort, lumi\u00e8re. Au r\u00e9veil votre teint et lumineux, liss\u00e9 et les t\u00e2ches pigmentaires sont att\u00e9nu\u00e9es\u00a0 Id\u00e9al pour : Tous les types de peaux avec le teint terne et la peau atone.<\/p>\n<p><strong>Ergebnisse:<\/strong> D\u00e8s la premi\u00e8re application, la peau est hydrat\u00e9e, plus lumineuse et liss\u00e9e, les taches pigmentaires att\u00e9nu\u00e9es.<\/p>\n<p><strong>Ideal f\u00fcr:<\/strong> Tous les types de peaux avec le teint terne et la peau atone.<\/p>\n<p>Tube\u00a015ml<\/p>","protected":false},"featured_media":29424,"comment_status":"open","ping_status":"closed","template":"","meta":[],"product_brand":[181],"product_cat":[236,230,248,202,200],"product_tag":[],"class_list":{"0":"post-29425","1":"product","2":"type-product","3":"status-publish","4":"has-post-thumbnail","6":"product_brand-gemology","7":"product_cat-formats-voyage-soins","8":"product_cat-gommages-et-masques-soins","9":"product_cat-peaux-ternes-soins","10":"product_cat-soins","11":"product_cat-tous-les-produits","13":"first","14":"instock","15":"taxable","16":"shipping-taxable","17":"purchasable","18":"product-type-simple"},"_links":{"self":[{"href":"https:\/\/gemology-cosmetics.ch\/de\/wp-json\/wp\/v2\/product\/29425","targetHints":{"allow":["GET"]}}],"collection":[{"href":"https:\/\/gemology-cosmetics.ch\/de\/wp-json\/wp\/v2\/product"}],"about":[{"href":"https:\/\/gemology-cosmetics.ch\/de\/wp-json\/wp\/v2\/types\/product"}],"replies":[{"embeddable":true,"href":"https:\/\/gemology-cosmetics.ch\/de\/wp-json\/wp\/v2\/comments?post=29425"}],"version-history":[{"count":0,"href":"https:\/\/gemology-cosmetics.ch\/de\/wp-json\/wp\/v2\/product\/29425\/revisions"}],"wp:featuredmedia":[{"embeddable":true,"href":"https:\/\/gemology-cosmetics.ch\/de\/wp-json\/wp\/v2\/media\/29424"}],"wp:attachment":[{"href":"https:\/\/gemology-cosmetics.ch\/de\/wp-json\/wp\/v2\/media?parent=29425"}],"wp:term":[{"taxonomy":"product_brand","embeddable":true,"href":"https:\/\/gemology-cosmetics.ch\/de\/wp-json\/wp\/v2\/product_brand?post=29425"},{"taxonomy":"product_cat","embeddable":true,"href":"https:\/\/gemology-cosmetics.ch\/de\/wp-json\/wp\/v2\/product_cat?post=29425"},{"taxonomy":"product_tag","embeddable":true,"href":"https:\/\/gemology-cosmetics.ch\/de\/wp-json\/wp\/v2\/product_tag?post=29425"}],"curies":[{"name":"wp","href":"https:\/\/api.w.org\/{rel}","templated":true}]}}