{"id":29427,"date":"2024-07-10T09:25:02","date_gmt":"2024-07-10T09:25:02","guid":{"rendered":"https:\/\/gemology-cosmetics.ch\/produit\/creme-a-la-smithsonite-creme-apaisante-2\/"},"modified":"2025-09-17T08:04:21","modified_gmt":"2025-09-17T08:04:21","slug":"creme-a-la-smithsonite-creme-apaisante-2","status":"publish","type":"product","link":"https:\/\/gemology-cosmetics.ch\/de\/produkt\/creme-a-la-smithsonite-creme-apaisante-2\/","title":{"rendered":"Smithsonite Cream \u2013 Beruhigende Creme \u2013 Reisegr\u00f6\u00dfe"},"content":{"rendered":"<p><strong>Gebrauchsanweisung:<\/strong> Morgens und\/oder abends auftragen.<\/p>\n<p><strong>Textur:<\/strong> weiche Creme<\/p>\n<p><strong>Wertvolle Verm\u00f6genswerte:<\/strong> <\/p>\n<p>\u2013 <strong>Mineralien:<\/strong> Smithsonit<\/p>\n<p><strong>\u2013 Spurenelement:<\/strong> Zink<\/p>\n<p><strong>- Pflanzen:<\/strong> Pflanzliches Squalan, Jojoba\u00f6l<\/p>\n<p><strong>- Andere :<\/strong> Vitamin E<\/p>\n<ul>\n<li>Smithsonit ist ein zinkreicher Stein. Dieses Spurenelement hat regenerierende, sch\u00fctzende und weichmachende Eigenschaften.<\/li>\n<li>Pflanzliches Squalan hilft, die Lipidbarriere der Epidermis wiederherzustellen.<\/li>\n<li>Jojoba\u00f6l ist f\u00fcr seine weichmachenden Eigenschaften bekannt.<\/li>\n<li>Vitamin E hat regenerierende und revitalisierende Eigenschaften<\/li>\n<\/ul>\n<p>Pflege garantiert parabenfrei, alkoholfrei und propylenglykolfrei.<\/p>\n<\/p>\n<p><strong>Zutaten:<\/strong><\/p>\n<p>AQUA (WASSER), OCTYLDODECYLMYRISTAT, DIMETHICON, SQUALAN, GLYCERIN, CETYLALKOHOL, GLYCERYLSTEARAT, SMITHSONIT, CYCLOPENTASILOXAN, SIMMONDSIA CHINENSIS (JOJOBA-SAMEN\u00d6L), PEG-75-STEARAT, CYCLOHEXASILOXAN, CETETH-20, STEARETH-20, CHLORPHENESIN, BENZYLALKOHOL, ACRYLATE\/C10-30-ALKYLACRYLAT-CROSSPOLYMER, PARFUM (DUFTSTOFF), TOCOPHERYLACETAT, DEHYDROESSIGS\u00c4URE, NATRIUMHYDROXID, CI 19140 (GELB 5), CI 42090 (BLAU 1), D-LIMONEN, BENZYLBENZOAT, BENZYLSALICYLAT<\/p>","protected":false},"excerpt":{"rendered":"<p>D\u00e9couvrez la Cr\u00e8me visage \u00e0 la Smithsonite, le soin bouclier d\u00e9velopp\u00e9 par Gemology pour les peaux sensibilis\u00e9es et fragilis\u00e9es.<\/p>\n<p>La smithsonite est gorg\u00e9e de zinc, oligo-\u00e9l\u00e9ment aux propri\u00e9t\u00e9s r\u00e9paratrices, protectrices et adoucissantes. Combin\u00e9 au squalane v\u00e9g\u00e9tal, qui contribue \u00e0 restaurer la barri\u00e8re lipidique de l&rsquo;\u00e9piderme, il agit comme un pansement min\u00e9ral. V\u00e9ritable soin protecteur les peaux stress\u00e9es et fragilis\u00e9es sont d\u00e9fendues tout au long de la journ\u00e9e.\u00a0 Id\u00e9al pour : Les peaux sensibilis\u00e9es, fragilis\u00e9es, stress\u00e9es.<\/p>\n<p><strong>Ergebnisse:<\/strong> La peau est apais\u00e9e, adoucie et liss\u00e9e. Elle retrouve \u00e9clat, tonus et \u00e9lasticit\u00e9.<\/p>\n<p><strong>Ideal f\u00fcr:<\/strong> Les peaux sensibilis\u00e9es, fragilis\u00e9es, stress\u00e9es.<\/p>\n<p>Tube 15 ml<\/p>","protected":false},"featured_media":29426,"comment_status":"open","ping_status":"closed","template":"","meta":[],"product_brand":[181],"product_cat":[220,236,244,202,200],"product_tag":[],"class_list":{"0":"post-29427","1":"product","2":"type-product","3":"status-publish","4":"has-post-thumbnail","6":"product_brand-gemology","7":"product_cat-cremes-soins","8":"product_cat-formats-voyage-soins","9":"product_cat-peaux-sensibles-soins","10":"product_cat-soins","11":"product_cat-tous-les-produits","13":"first","14":"instock","15":"taxable","16":"shipping-taxable","17":"purchasable","18":"product-type-simple"},"_links":{"self":[{"href":"https:\/\/gemology-cosmetics.ch\/de\/wp-json\/wp\/v2\/product\/29427","targetHints":{"allow":["GET"]}}],"collection":[{"href":"https:\/\/gemology-cosmetics.ch\/de\/wp-json\/wp\/v2\/product"}],"about":[{"href":"https:\/\/gemology-cosmetics.ch\/de\/wp-json\/wp\/v2\/types\/product"}],"replies":[{"embeddable":true,"href":"https:\/\/gemology-cosmetics.ch\/de\/wp-json\/wp\/v2\/comments?post=29427"}],"version-history":[{"count":0,"href":"https:\/\/gemology-cosmetics.ch\/de\/wp-json\/wp\/v2\/product\/29427\/revisions"}],"wp:featuredmedia":[{"embeddable":true,"href":"https:\/\/gemology-cosmetics.ch\/de\/wp-json\/wp\/v2\/media\/29426"}],"wp:attachment":[{"href":"https:\/\/gemology-cosmetics.ch\/de\/wp-json\/wp\/v2\/media?parent=29427"}],"wp:term":[{"taxonomy":"product_brand","embeddable":true,"href":"https:\/\/gemology-cosmetics.ch\/de\/wp-json\/wp\/v2\/product_brand?post=29427"},{"taxonomy":"product_cat","embeddable":true,"href":"https:\/\/gemology-cosmetics.ch\/de\/wp-json\/wp\/v2\/product_cat?post=29427"},{"taxonomy":"product_tag","embeddable":true,"href":"https:\/\/gemology-cosmetics.ch\/de\/wp-json\/wp\/v2\/product_tag?post=29427"}],"curies":[{"name":"wp","href":"https:\/\/api.w.org\/{rel}","templated":true}]}}