{"id":29429,"date":"2024-07-10T09:27:53","date_gmt":"2024-07-10T09:27:53","guid":{"rendered":"https:\/\/gemology-cosmetics.ch\/produit\/creme-a-l-opale-creme-hydratante-2\/"},"modified":"2025-09-17T08:04:21","modified_gmt":"2025-09-17T08:04:21","slug":"creme-a-l-opale-creme-hydratante-2","status":"publish","type":"product","link":"https:\/\/gemology-cosmetics.ch\/de\/produkt\/creme-a-l-opale-creme-hydratante-2\/","title":{"rendered":"Opal Cream \u2013 Feuchtigkeitscreme \u2013 Reisegr\u00f6\u00dfe"},"content":{"rendered":"<p><strong>Gebrauchsanweisung:<\/strong> Morgens und\/oder abends auftragen.<\/p>\n<p><strong>Textur: <\/strong>cremige Sahne<\/p>\n<p><strong>Wertvolle Verm\u00f6genswerte:<\/strong> <\/p>\n<p>\u2013 <strong>Mineralien:<\/strong> Opalstein<\/p>\n<p><strong>\u2013 Spurenelement:<\/strong> Silizium<\/p>\n<p><strong>- Andere :<\/strong> Hyalurons\u00e4ure<\/p>\n<ul>\n<li>Opalstein ist reich an Silizium. Dieses Spurenelement ist f\u00fcr seine kollagensyntheseanregenden Eigenschaften bekannt.<\/li>\n<li>Hyalurons\u00e4ure ist ein starker Feuchtigkeitsspender, der 24 Stunden lang f\u00fcr ein angenehmes Hautgef\u00fchl sorgt.<\/li>\n<\/ul>\n<p>Pflege garantiert parabenfrei, alkoholfrei und propylenglykolfrei.<\/p>\n<p><strong>Zutaten:<\/strong><\/p>\n<p>AQUA (WASSER), OCTYLDODECYLMYRISTAT, DIMETHICON, GLYCERIN, SQUALAN, CETYLALKOHOL, GLYCERYLSTEARAT, CYCLOPENTASILOXAN, PEG-75-STEARAT, CYCLOHEXASILOXAN, PARFUM (DUFTSTOFF), CETETH-20, STEARETH-20, CHLORPHENESIN, BENZYLALKOHOL, ACRYLATE\/C10-30-ALKYLACRYLAT-CROSSPOLYMER, NATRIUMHYALURONAT, TOCOPHERYLACETAT, KARAMELL, NATRIUMACRYLAT\/NATRIUMACRYLOYLDIMETHYLTAURATE-COPOLYMER, OPALPULVER, ADENOSIN, ISOHEXADECAN, DEHYDROESSIGS\u00c4URE, NATRIUMHYDROXID, POLYSORBAT 80, SORBITANOLEAT<\/p>","protected":false},"excerpt":{"rendered":"<p>Die Opal-Gesichtscreme erm\u00f6glicht es Ihnen, Ihre Haut zu remineralisieren und intensiv mit Feuchtigkeit zu versorgen.<\/p>\n<p>Durch die Kombination von aus Opal gewonnenem Silizium, das die Kollagenproduktion anregt, mit Hyalurons\u00e4ure, die f\u00fcr ihre hervorragenden feuchtigkeitsspendenden Eigenschaften bekannt ist, bietet Ihnen Gemology die beste Behandlung zur Remineralisierung Ihrer Haut. Sie werden einen hydratisierten, straffen und ebenm\u00e4\u00dfigen Teint wiederentdecken.<\/p>\n<p><strong>Ergebnisse:<\/strong> Die Haut ist weich, f\u00fchlt sich angenehm an und wird lange mit Feuchtigkeit versorgt.<\/p>\n<p><strong>Ideal f\u00fcr:<\/strong> Trockene und dehydrierte Haut.<\/p>\n<p>Tube 15 ml<\/p>","protected":false},"featured_media":29428,"comment_status":"open","ping_status":"closed","template":"","meta":[],"product_brand":[181],"product_cat":[220,236,240,232,202,200],"product_tag":[],"class_list":{"0":"post-29429","1":"product","2":"type-product","3":"status-publish","4":"has-post-thumbnail","6":"product_brand-gemology","7":"product_cat-cremes-soins","8":"product_cat-formats-voyage-soins","9":"product_cat-peaux-seches-soins","10":"product_cat-pour-l-homme-soins","11":"product_cat-soins","12":"product_cat-tous-les-produits","14":"first","15":"instock","16":"taxable","17":"shipping-taxable","18":"purchasable","19":"product-type-simple"},"_links":{"self":[{"href":"https:\/\/gemology-cosmetics.ch\/de\/wp-json\/wp\/v2\/product\/29429","targetHints":{"allow":["GET"]}}],"collection":[{"href":"https:\/\/gemology-cosmetics.ch\/de\/wp-json\/wp\/v2\/product"}],"about":[{"href":"https:\/\/gemology-cosmetics.ch\/de\/wp-json\/wp\/v2\/types\/product"}],"replies":[{"embeddable":true,"href":"https:\/\/gemology-cosmetics.ch\/de\/wp-json\/wp\/v2\/comments?post=29429"}],"version-history":[{"count":0,"href":"https:\/\/gemology-cosmetics.ch\/de\/wp-json\/wp\/v2\/product\/29429\/revisions"}],"wp:featuredmedia":[{"embeddable":true,"href":"https:\/\/gemology-cosmetics.ch\/de\/wp-json\/wp\/v2\/media\/29428"}],"wp:attachment":[{"href":"https:\/\/gemology-cosmetics.ch\/de\/wp-json\/wp\/v2\/media?parent=29429"}],"wp:term":[{"taxonomy":"product_brand","embeddable":true,"href":"https:\/\/gemology-cosmetics.ch\/de\/wp-json\/wp\/v2\/product_brand?post=29429"},{"taxonomy":"product_cat","embeddable":true,"href":"https:\/\/gemology-cosmetics.ch\/de\/wp-json\/wp\/v2\/product_cat?post=29429"},{"taxonomy":"product_tag","embeddable":true,"href":"https:\/\/gemology-cosmetics.ch\/de\/wp-json\/wp\/v2\/product_tag?post=29429"}],"curies":[{"name":"wp","href":"https:\/\/api.w.org\/{rel}","templated":true}]}}