{"id":29431,"date":"2024-07-10T09:44:57","date_gmt":"2024-07-10T09:44:57","guid":{"rendered":"https:\/\/gemology-cosmetics.ch\/produit\/creme-au-saphir-creme-peaux-sensibles-2\/"},"modified":"2025-09-17T08:04:21","modified_gmt":"2025-09-17T08:04:21","slug":"creme-au-saphir-creme-peaux-sensibles-2","status":"publish","type":"product","link":"https:\/\/gemology-cosmetics.ch\/de\/produkt\/creme-au-saphir-creme-peaux-sensibles-2\/","title":{"rendered":"Saphircreme \u2013 Creme f\u00fcr empfindliche Haut \u2013 Reisegr\u00f6\u00dfe"},"content":{"rendered":"<p><strong>Gebrauchsanweisung:<\/strong> Morgens und\/oder abends auftragen.<br \/><strong><br \/>Textur: <\/strong>Geschmeidige Creme, Samteffekt.<\/p>\n<p><strong>Wertvolle Verm\u00f6genswerte:<\/strong> <\/p>\n<p>\u2013 <strong>Mineralien:<\/strong> Saphir und Lapislazuli<\/p>\n<p><strong>- Pflanzen:<\/strong> Manketti-\u00d6l, Hibiskus<\/p>\n<p>\u2013 <strong>Andere :<\/strong> Vitamin E<\/p>\n<ul>\n<li>Saphir ist reich an Eisen. Dieses Spurenelement wirkt antioxidativ und f\u00f6rdert die Kollagenproduktion in den Zellen.<\/li>\n<li>Lapislazuli ist reich an Silizium, Schwefel und Natrium. Diese Spurenelemente f\u00f6rdern:\n<ul>\n<li>Kollagensynthese<\/li>\n<li>Allergieschutz<\/li>\n<li>den Wasserhaushalt der Zellen<\/li>\n<\/ul>\n<\/li>\n<li>Manketti-\u00d6l ist f\u00fcr seine sch\u00fctzenden Eigenschaften bekannt.<\/li>\n<li>Hibiskus hat regenerierende und beruhigende Eigenschaften.<\/li>\n<li>Vitamin E hat regenerierende und revitalisierende Eigenschaften.<\/li>\n<\/ul>\n<p>Pflege garantiert parabenfrei, alkoholfrei und propylenglykolfrei.<\/p>\n<p><strong>Zutaten:<\/strong><\/p>\n<p>AQUA (WASSER), DICAPRYLYLCARBONAT, ISOHEXADECAN, GLYCERIN, DIMETHICON, CETYLALKOHOL, GLYCERYLSTEARAT, CYCLOPENTASILOXAN, OCTYLDODECYLMYRISTAT, SCHINZIOPHYTON RAUTANENII KERN\u00d6L, CAPPARIS SPINOSA FRUCHTEXTRAKT, PEG-75 STEARAT, PARFUM (DUFTSTOFF), CETETH-20, STEARETH-20, CYCLOHEXASILOXAN, CHLORPHENESIN, BENZYLALKOHOL, ACRYLATE\/C10-30 ALKYLACRYLAT-CROSSPOLYMER, GLYCYRRHETINS\u00c4URE, TITANDIOXID, SAPHIRPULVER, TOCOPHERYLACETAT, TURMALIN, MALTODEXTRIN, XANTHANGUMMI, HIBISKUS SABDARIFFA-BL\u00dcTENEXTRAKT, LAPISLAZULI, DEHYDROESSIGS\u00c4URE, NATRIUMHYDROXID, CAPRYLYLGLYKOL, ROSA-GALLICA-BL\u00dcTENEXTRAKT, KIESELS\u00c4URE, PENTAPEPTID-18, CI 42090 (BLAU1)<\/p>","protected":false},"excerpt":{"rendered":"<p>Diese Creme spendet intensive Feuchtigkeit und pflegt die Haut, f\u00fcr ein einzigartiges Frischegef\u00fchl. Reich an Eisen, sch\u00fctzt Saphir die Haut und sorgt f\u00fcr einen ebenm\u00e4\u00dfigen Teint.<\/p>\n<p><strong>Ergebnisse:<\/strong> Die Haut wird mit Feuchtigkeit versorgt, beruhigt, gest\u00e4rkt und gestrafft.<\/p>\n<p><strong>Ideal f\u00fcr:<\/strong> D\u00fcnne, empfindliche und zarte Haut.<\/p>\n<p>Tube 15\u00a0ml<\/p>","protected":false},"featured_media":29430,"comment_status":"open","ping_status":"closed","template":"","meta":[],"product_brand":[181],"product_cat":[220,236,244,202,200],"product_tag":[],"class_list":{"0":"post-29431","1":"product","2":"type-product","3":"status-publish","4":"has-post-thumbnail","6":"product_brand-gemology","7":"product_cat-cremes-soins","8":"product_cat-formats-voyage-soins","9":"product_cat-peaux-sensibles-soins","10":"product_cat-soins","11":"product_cat-tous-les-produits","13":"first","14":"instock","15":"taxable","16":"shipping-taxable","17":"purchasable","18":"product-type-simple"},"_links":{"self":[{"href":"https:\/\/gemology-cosmetics.ch\/de\/wp-json\/wp\/v2\/product\/29431","targetHints":{"allow":["GET"]}}],"collection":[{"href":"https:\/\/gemology-cosmetics.ch\/de\/wp-json\/wp\/v2\/product"}],"about":[{"href":"https:\/\/gemology-cosmetics.ch\/de\/wp-json\/wp\/v2\/types\/product"}],"replies":[{"embeddable":true,"href":"https:\/\/gemology-cosmetics.ch\/de\/wp-json\/wp\/v2\/comments?post=29431"}],"version-history":[{"count":0,"href":"https:\/\/gemology-cosmetics.ch\/de\/wp-json\/wp\/v2\/product\/29431\/revisions"}],"wp:featuredmedia":[{"embeddable":true,"href":"https:\/\/gemology-cosmetics.ch\/de\/wp-json\/wp\/v2\/media\/29430"}],"wp:attachment":[{"href":"https:\/\/gemology-cosmetics.ch\/de\/wp-json\/wp\/v2\/media?parent=29431"}],"wp:term":[{"taxonomy":"product_brand","embeddable":true,"href":"https:\/\/gemology-cosmetics.ch\/de\/wp-json\/wp\/v2\/product_brand?post=29431"},{"taxonomy":"product_cat","embeddable":true,"href":"https:\/\/gemology-cosmetics.ch\/de\/wp-json\/wp\/v2\/product_cat?post=29431"},{"taxonomy":"product_tag","embeddable":true,"href":"https:\/\/gemology-cosmetics.ch\/de\/wp-json\/wp\/v2\/product_tag?post=29431"}],"curies":[{"name":"wp","href":"https:\/\/api.w.org\/{rel}","templated":true}]}}