{"id":29437,"date":"2024-07-10T10:19:03","date_gmt":"2024-07-10T10:19:03","guid":{"rendered":"https:\/\/gemology-cosmetics.ch\/produit\/trousse-essentielle-4\/"},"modified":"2025-09-17T08:04:21","modified_gmt":"2025-09-17T08:04:21","slug":"trousse-essentielle-4","status":"publish","type":"product","link":"https:\/\/gemology-cosmetics.ch\/de\/produkt\/trousse-essentielle-4\/","title":{"rendered":"K\u00f6rper-Reiseset"},"content":{"rendered":"<p><strong>Gebrauchsanweisung:<\/strong><\/p>\n<ul>\n<li><strong>Diamant-K\u00f6rper\u00f6l:\u00a0<\/strong>Einmal t\u00e4glich auf den K\u00f6rper auftragen und in die gew\u00fcnschten Bereiche einmassieren.<\/li>\n<li><span><strong>Quelle des Saphir Bath Shower Gel:<\/strong>\u00a0<\/span>Auf die feuchte Haut auftragen und absp\u00fclen.<\/li>\n<li><span><strong>Mineralisches Weichheitsshampoo:<\/strong>\u00a0<\/span>Auf das nasse Haar auftragen, emulgieren und anschlie\u00dfend gr\u00fcndlich aussp\u00fclen.<\/li>\n<li><strong>Diamond Shine Conditioner:\u00a0<\/strong>Auf das gewaschene und handtuchtrockene Haar auftragen. In die gesamte Haarl\u00e4nge einmassieren, einige Minuten einwirken lassen und anschlie\u00dfend gr\u00fcndlich mit warmem Wasser aussp\u00fclen.<\/li>\n<\/ul>\n<p><strong>Zusammensetzung:<\/strong><\/p>\n<ul>\n<li><span>DER\u00a0<\/span><strong>Diamant<\/strong><span>\u00a0hat eine Anti-Falten-Wirkung und einen \u201eWeichzeichner\u201c-Effekt: Dank eines sehr hohen Brechungsindex f\u00e4ngt und streut Diamant Licht und gl\u00e4ttet so F\u00e4ltchen. Diamant sorgt durch die Lichtreflexion f\u00fcr eine sichtbare Reduzierung von F\u00e4ltchen.<\/span><\/li>\n<li><span>DER\u00a0<\/span><strong>Saphir<\/strong><span>, reich an Eisen, st\u00e4rkt die Haut und stimuliert die Kollagenproduktion, um die Haut zu straffen.<\/span><\/li>\n<\/ul>\n<p><strong>Unsere Verpflichtungen:<\/strong><\/p>\n<p>Die Verpackung dieses Produkts besteht aus Rohrzucker als Alternative zu Kunststoff. Seine einzigartigen Eigenschaften machen ihn zu einem \u00f6kologischen Material, das heute unverzichtbar ist.<\/p>\n<p>Verpackungen aus Zuckerrohr sind:<\/p>\n<ul>\n<li>Wertstoffe<\/li>\n<li>Biologisch gewonnen<\/li>\n<li>Biologisch abbaubar<\/li>\n<li>Kompostierbar<\/li>\n<\/ul>\n<p>Durch die Wahl von Zuckerrohr setzt Gemology seinen echten und aufrichtigen umweltbewussten Ansatz fort und begrenzt die Verbreitung von Plastik in der Natur.<\/p>","protected":false},"excerpt":{"rendered":"<p>Nos 4 essentiels corps \u00e0 emporter partout, pour rester propre, frais.che et hydrat\u00e9(e) de la t\u00eate aux pieds, m\u00eame en voyage\u00a0! Une mani\u00e8re parfaite de tester les produits Gemology et un super cadeau \u00e0 offrir \u00e0 ses proches.<\/p>\n<p><strong><strong>Une Trousse\u00a0Comprenant:<\/strong><br \/><\/strong><\/p>\n<p>\u2013 Huile Corps Diamant, hydratante et nourrissante (40 ml) : Hydrate, nourrit et donne un aspect \u00e9clatant \u00e0 la peau. P\u00e9n\u00e8tre instantan\u00e9ment sans laisser de film gras, un touch\u00e9 velours sans silicone pour une peau satin\u00e9e.<br \/>\u2013 Source de Saphir Gel Bain Douche, nettoyant et hydratant (30ml)\u00a0: Nettoie parfaitement la peau tout en l\u2019hydratant profond\u00e9ment<br \/>\u2013 Douceur Min\u00e9rale Shampoing, nettoyant et adoucissant (30ml)\u00a0: Nettoie, illumine, renforce et adoucit les cheveux.<br \/>\u2013 \u00c9clat de Diamant Conditionneur, renforce et sublime (30ml)\u00a0: renforce les effets du shampooing pour sublimer les cheveux. Ils seront plus forts, plus doux et plus brillants que jamais.<\/p>","protected":false},"featured_media":29434,"comment_status":"open","ping_status":"closed","template":"","meta":[],"product_brand":[181],"product_cat":[234,236,226,205,206,208,204,200],"product_tag":[],"class_list":{"0":"post-29437","1":"product","2":"type-product","3":"status-publish","4":"has-post-thumbnail","6":"product_brand-gemology","7":"product_cat-corps-et-cheveux-soins","8":"product_cat-formats-voyage-soins","9":"product_cat-idees-cadeaux-nos-selections","10":"product_cat-meilleures-ventes","11":"product_cat-nos-selections","12":"product_cat-nouveautes","13":"product_cat-set-decouverte","14":"product_cat-tous-les-produits","16":"first","17":"instock","18":"taxable","19":"shipping-taxable","20":"purchasable","21":"product-type-simple"},"_links":{"self":[{"href":"https:\/\/gemology-cosmetics.ch\/de\/wp-json\/wp\/v2\/product\/29437","targetHints":{"allow":["GET"]}}],"collection":[{"href":"https:\/\/gemology-cosmetics.ch\/de\/wp-json\/wp\/v2\/product"}],"about":[{"href":"https:\/\/gemology-cosmetics.ch\/de\/wp-json\/wp\/v2\/types\/product"}],"replies":[{"embeddable":true,"href":"https:\/\/gemology-cosmetics.ch\/de\/wp-json\/wp\/v2\/comments?post=29437"}],"version-history":[{"count":0,"href":"https:\/\/gemology-cosmetics.ch\/de\/wp-json\/wp\/v2\/product\/29437\/revisions"}],"wp:featuredmedia":[{"embeddable":true,"href":"https:\/\/gemology-cosmetics.ch\/de\/wp-json\/wp\/v2\/media\/29434"}],"wp:attachment":[{"href":"https:\/\/gemology-cosmetics.ch\/de\/wp-json\/wp\/v2\/media?parent=29437"}],"wp:term":[{"taxonomy":"product_brand","embeddable":true,"href":"https:\/\/gemology-cosmetics.ch\/de\/wp-json\/wp\/v2\/product_brand?post=29437"},{"taxonomy":"product_cat","embeddable":true,"href":"https:\/\/gemology-cosmetics.ch\/de\/wp-json\/wp\/v2\/product_cat?post=29437"},{"taxonomy":"product_tag","embeddable":true,"href":"https:\/\/gemology-cosmetics.ch\/de\/wp-json\/wp\/v2\/product_tag?post=29437"}],"curies":[{"name":"wp","href":"https:\/\/api.w.org\/{rel}","templated":true}]}}