{"id":29444,"date":"2024-07-10T10:56:41","date_gmt":"2024-07-10T10:56:41","guid":{"rendered":"https:\/\/gemology-cosmetics.ch\/produit\/eclat-de-diamant-conditionneur-cheveux-2\/"},"modified":"2025-09-17T08:04:21","modified_gmt":"2025-09-17T08:04:21","slug":"eclat-de-diamant-conditionneur-cheveux-2","status":"publish","type":"product","link":"https:\/\/gemology-cosmetics.ch\/de\/produkt\/eclat-de-diamant-conditionneur-cheveux-2\/","title":{"rendered":"Diamond Shine Haarsp\u00fclung"},"content":{"rendered":"<p><strong>Gebrauchsanweisung:<\/strong> Auf das gewaschene und handtuchtrockene Haar auftragen. In die gesamte Haarl\u00e4nge einmassieren, einige Minuten einwirken lassen und anschlie\u00dfend gr\u00fcndlich mit warmem Wasser aussp\u00fclen.<\/p>\n<p><strong>Textur:<\/strong> Schmelzende Sahne<\/p>\n<p><strong>Wertvolle Verm\u00f6genswerte:<\/strong> <\/p>\n<p>\u2013 <strong>Mineralien:<\/strong> Diamant<\/p>\n<ul>\n<li>Diamant: Diamant verleiht Ihrem Haar durch seinen Weichzeichnereffekt Glanz.<\/li>\n<\/ul>\n<p>Pflege garantiert parabenfrei, alkoholfrei und propylenglykolfrei.<\/p>\n<p><strong>Zutaten:<\/strong><\/p>\n<p>AQUA (WASSER) CETEARYLALKOHOL DIPALMITOYLETHYLHYDROXYETHYLMONIUMMETHOSULFAT PHENOXYETHANOL CETEARETH-20 PARFUM (DUFTSTOFF) POLYQUATERNIUM-37 CETRIMONIUMCHLORID CAPRYLYLGLYKOL DECYLENGLYKOLALKOHOL GLYCERIN SAPHIRPULVER ZITRONENS\u00c4URE HYDROXYETHYLCELLULOSE DIAMANTPULVER<\/p><\/p>","protected":false},"excerpt":{"rendered":"<p>Ce conditionneur renforcera les effets du shampooing pour sublimer vos cheveux. Ils seront plus forts, plus doux et plus brillants que jamais.<\/p>\n<p><strong>Ideal f\u00fcr:<\/strong> Alle Hauttypen.<\/p>\n<p>Tube 30 ml<\/p>","protected":false},"featured_media":29443,"comment_status":"open","ping_status":"closed","template":"","meta":[],"product_brand":[181],"product_cat":[234,236,226,206,202,200],"product_tag":[],"class_list":{"0":"post-29444","1":"product","2":"type-product","3":"status-publish","4":"has-post-thumbnail","6":"product_brand-gemology","7":"product_cat-corps-et-cheveux-soins","8":"product_cat-formats-voyage-soins","9":"product_cat-idees-cadeaux-nos-selections","10":"product_cat-nos-selections","11":"product_cat-soins","12":"product_cat-tous-les-produits","14":"first","15":"instock","16":"taxable","17":"shipping-taxable","18":"purchasable","19":"product-type-simple"},"_links":{"self":[{"href":"https:\/\/gemology-cosmetics.ch\/de\/wp-json\/wp\/v2\/product\/29444","targetHints":{"allow":["GET"]}}],"collection":[{"href":"https:\/\/gemology-cosmetics.ch\/de\/wp-json\/wp\/v2\/product"}],"about":[{"href":"https:\/\/gemology-cosmetics.ch\/de\/wp-json\/wp\/v2\/types\/product"}],"replies":[{"embeddable":true,"href":"https:\/\/gemology-cosmetics.ch\/de\/wp-json\/wp\/v2\/comments?post=29444"}],"version-history":[{"count":0,"href":"https:\/\/gemology-cosmetics.ch\/de\/wp-json\/wp\/v2\/product\/29444\/revisions"}],"wp:featuredmedia":[{"embeddable":true,"href":"https:\/\/gemology-cosmetics.ch\/de\/wp-json\/wp\/v2\/media\/29443"}],"wp:attachment":[{"href":"https:\/\/gemology-cosmetics.ch\/de\/wp-json\/wp\/v2\/media?parent=29444"}],"wp:term":[{"taxonomy":"product_brand","embeddable":true,"href":"https:\/\/gemology-cosmetics.ch\/de\/wp-json\/wp\/v2\/product_brand?post=29444"},{"taxonomy":"product_cat","embeddable":true,"href":"https:\/\/gemology-cosmetics.ch\/de\/wp-json\/wp\/v2\/product_cat?post=29444"},{"taxonomy":"product_tag","embeddable":true,"href":"https:\/\/gemology-cosmetics.ch\/de\/wp-json\/wp\/v2\/product_tag?post=29444"}],"curies":[{"name":"wp","href":"https:\/\/api.w.org\/{rel}","templated":true}]}}