{"id":29450,"date":"2024-07-10T11:03:30","date_gmt":"2024-07-10T11:03:30","guid":{"rendered":"https:\/\/gemology-cosmetics.ch\/produit\/huile-de-diamant-huile-corps-2\/"},"modified":"2025-12-24T06:47:02","modified_gmt":"2025-12-24T06:47:02","slug":"huile-de-diamant-huile-corps-2","status":"publish","type":"product","link":"https:\/\/gemology-cosmetics.ch\/de\/produkt\/huile-de-diamant-huile-corps-2\/","title":{"rendered":"Diamond Oil \u2013 K\u00f6rper\u00f6l \u2013 Reisegr\u00f6\u00dfe"},"content":{"rendered":"<p><strong>Zutaten:<\/strong><\/p>\n<p>C15-19 ALKANE, CAPRYLIC\/CAPRIC, TRIGLYCERIDE, PARFUM (DUFTSTOFF), PRUNUS AMYGDALUS,<br \/>DULCIS (S\u00dcSSMALLE) \u00d6L, DIAMANTPULVER, TOCOPHEROL, BENZYLSALICYLAT, CUMARIN, LIMONEN.<\/p><\/p>","protected":false},"excerpt":{"rendered":"<p>Une huile corps aux notes florales et poudr\u00e9es pour nourrir, r\u00e9parer et sublimer la peau. Elle p\u00e9n\u00e8tre instant\u00e9n\u00e9ment sans laisser de film gras, un touch\u00e9 velours sans silicone pour une peau satin\u00e9e.<\/p>\n<p>Huile 100% naturelle.<\/p>\n<p><strong>Gebrauchsanweisung:<\/strong> Einmal t\u00e4glich auf den K\u00f6rper auftragen und in die gew\u00fcnschten Bereiche einmassieren.<\/p>\n<p>Flacon 40 ml.<\/p>","protected":false},"featured_media":29448,"comment_status":"open","ping_status":"closed","template":"","meta":[],"product_brand":[181],"product_cat":[234,236,206,208,202,200],"product_tag":[],"class_list":{"0":"post-29450","1":"product","2":"type-product","3":"status-publish","4":"has-post-thumbnail","6":"product_brand-gemology","7":"product_cat-corps-et-cheveux-soins","8":"product_cat-formats-voyage-soins","9":"product_cat-nos-selections","10":"product_cat-nouveautes","11":"product_cat-soins","12":"product_cat-tous-les-produits","14":"first","15":"instock","16":"taxable","17":"shipping-taxable","18":"purchasable","19":"product-type-simple"},"_links":{"self":[{"href":"https:\/\/gemology-cosmetics.ch\/de\/wp-json\/wp\/v2\/product\/29450","targetHints":{"allow":["GET"]}}],"collection":[{"href":"https:\/\/gemology-cosmetics.ch\/de\/wp-json\/wp\/v2\/product"}],"about":[{"href":"https:\/\/gemology-cosmetics.ch\/de\/wp-json\/wp\/v2\/types\/product"}],"replies":[{"embeddable":true,"href":"https:\/\/gemology-cosmetics.ch\/de\/wp-json\/wp\/v2\/comments?post=29450"}],"version-history":[{"count":0,"href":"https:\/\/gemology-cosmetics.ch\/de\/wp-json\/wp\/v2\/product\/29450\/revisions"}],"wp:featuredmedia":[{"embeddable":true,"href":"https:\/\/gemology-cosmetics.ch\/de\/wp-json\/wp\/v2\/media\/29448"}],"wp:attachment":[{"href":"https:\/\/gemology-cosmetics.ch\/de\/wp-json\/wp\/v2\/media?parent=29450"}],"wp:term":[{"taxonomy":"product_brand","embeddable":true,"href":"https:\/\/gemology-cosmetics.ch\/de\/wp-json\/wp\/v2\/product_brand?post=29450"},{"taxonomy":"product_cat","embeddable":true,"href":"https:\/\/gemology-cosmetics.ch\/de\/wp-json\/wp\/v2\/product_cat?post=29450"},{"taxonomy":"product_tag","embeddable":true,"href":"https:\/\/gemology-cosmetics.ch\/de\/wp-json\/wp\/v2\/product_tag?post=29450"}],"curies":[{"name":"wp","href":"https:\/\/api.w.org\/{rel}","templated":true}]}}