{"id":29454,"date":"2024-07-10T13:30:27","date_gmt":"2024-07-10T13:30:27","guid":{"rendered":"https:\/\/gemology-cosmetics.ch\/produit\/trousse-essentielle-5\/"},"modified":"2025-09-17T08:04:21","modified_gmt":"2025-09-17T08:04:21","slug":"trousse-essentielle-5","status":"publish","type":"product","link":"https:\/\/gemology-cosmetics.ch\/de\/produkt\/trousse-essentielle-5\/","title":{"rendered":"\u201eHydrating\u201c Reiseset"},"content":{"rendered":"<p><strong>Gebrauchsanweisung:<\/strong><\/p>\n<ul>\n<li><span>Pearly Jewel Gesichts-Make-up-Entferner:\u00a0<\/span><em>Nehmen Sie eine kleine Menge in Ihre H\u00e4nde und emulgieren Sie sie auf der Haut, sodass sich die Milch in Wasser verwandelt, und sp\u00fclen Sie sie anschlie\u00dfend mit feuchten Kompressen ab.<\/em>\u00a0<\/li>\n<\/ul>\n<ul>\n<li><span>Rosenquarz-Gesichtslotion:\u00a0<\/span><em>Morgens und abends nach der Reinigung oder dem Abschminken direkt mit den Fingern auf das Gesicht auftragen und glatt streichen. Ein Verwischen ist nicht n\u00f6tig.<\/em><\/li>\n<\/ul>\n<ul>\n<li><span>Opal Gesichtscreme \u2013 Revitalisierend, Sch\u00fctzend:\u00a0<\/span><em>Morgens und\/oder abends auftragen.<\/em><\/li>\n<\/ul>\n<ul>\n<li><span>Jade-Gesichtscreme \u2013 Feuchtigkeitsspendend und aufpolsternd:\u00a0<\/span><em>Morgens und\/oder abends auftragen.<\/em><\/li>\n<\/ul>\n<p><strong>Zusammensetzung:<\/strong><\/p>\n<ul>\n<li>\n<p>Dort<strong> Mondstein<\/strong>, reich an Kalium und Silizium, reinigt und hydratisiert.<\/p>\n<\/li>\n<li>DER <strong>Rosenquarz<\/strong>, reich an Silizium und Schwefel, beruhigt und hydratisiert die Haut.<\/li>\n<li>L<strong>&#039;Opal<\/strong>, reich an Silizium, ist f\u00fcr seine feuchtigkeitsspendenden und die Kollagensynthese anregenden Eigenschaften bekannt.<\/li>\n<li>DER <strong>Jade<\/strong>, reich an Silizium und Natrium, hydratisiert und regeneriert.<\/li>\n<\/ul>\n<p><strong>Unsere Verpflichtungen:<\/strong><\/p>\n<p>Die Verpackung dieses Produkts besteht aus Rohrzucker als Alternative zu Kunststoff. Seine einzigartigen Eigenschaften machen ihn zu einem \u00f6kologischen Material, das heute unverzichtbar ist.<\/p>\n<p>Verpackungen aus Zuckerrohr sind:<\/p>\n<ul>\n<li>Wertstoffe<\/li>\n<li>Biologisch gewonnen<\/li>\n<li>Biologisch abbaubar<\/li>\n<li>Kompostierbar<\/li>\n<\/ul>\n<p>Durch die Wahl von Zuckerrohr setzt Gemology seinen echten und aufrichtigen umweltbewussten Ansatz fort und begrenzt die Verbreitung von Plastik in der Natur.<\/p>","protected":false},"excerpt":{"rendered":"<p>Les 4 must-have pour avoir une peau nettoy\u00e9e, hydrat\u00e9e, repulp\u00e9e, tonifi\u00e9e et r\u00e9g\u00e9n\u00e9r\u00e9e en toute circonstance ! Une mani\u00e8re parfaite de tester les produits Gemology et un super cadeau \u00e0 offrir \u00e0 ses proches.<\/p>\n<p>\u00a0<\/p>\n<p><strong>UNE TROUSSE COMPRENANT :<\/strong><\/p>\n<p>\u2013 Bijou Nacr\u00e9, d\u00e9maquillant visage (40 ml) : \u00e9limine en douceur le maquillage et les impuret\u00e9s quotidiennes.<\/p>\n<p>\u2013 Quartz Rose Lotion Visage (40 ml) : v\u00e9ritable produit de soin elle purifie, adoucit la peau et apporte une sensation de fra\u00eecheur unique.<\/p>\n<p>\u2013 Cr\u00e8me visage Opale (15ml) : \u00a0apporte un confort optimal, assouplit et adoucit la peau<\/p>\n<p>\u2013 Cr\u00e8me visage au Jade (15ml) : renforce la peau en la nourrissant et la prot\u00e9geant et combat efficacement le vieillissement et la d\u00e9shydratation.<\/p>","protected":false},"featured_media":29451,"comment_status":"open","ping_status":"closed","template":"","meta":[],"product_brand":[181],"product_cat":[236,226,205,206,208,204,200],"product_tag":[],"class_list":{"0":"post-29454","1":"product","2":"type-product","3":"status-publish","4":"has-post-thumbnail","6":"product_brand-gemology","7":"product_cat-formats-voyage-soins","8":"product_cat-idees-cadeaux-nos-selections","9":"product_cat-meilleures-ventes","10":"product_cat-nos-selections","11":"product_cat-nouveautes","12":"product_cat-set-decouverte","13":"product_cat-tous-les-produits","15":"first","16":"instock","17":"taxable","18":"shipping-taxable","19":"purchasable","20":"product-type-simple"},"_links":{"self":[{"href":"https:\/\/gemology-cosmetics.ch\/de\/wp-json\/wp\/v2\/product\/29454","targetHints":{"allow":["GET"]}}],"collection":[{"href":"https:\/\/gemology-cosmetics.ch\/de\/wp-json\/wp\/v2\/product"}],"about":[{"href":"https:\/\/gemology-cosmetics.ch\/de\/wp-json\/wp\/v2\/types\/product"}],"replies":[{"embeddable":true,"href":"https:\/\/gemology-cosmetics.ch\/de\/wp-json\/wp\/v2\/comments?post=29454"}],"version-history":[{"count":0,"href":"https:\/\/gemology-cosmetics.ch\/de\/wp-json\/wp\/v2\/product\/29454\/revisions"}],"wp:featuredmedia":[{"embeddable":true,"href":"https:\/\/gemology-cosmetics.ch\/de\/wp-json\/wp\/v2\/media\/29451"}],"wp:attachment":[{"href":"https:\/\/gemology-cosmetics.ch\/de\/wp-json\/wp\/v2\/media?parent=29454"}],"wp:term":[{"taxonomy":"product_brand","embeddable":true,"href":"https:\/\/gemology-cosmetics.ch\/de\/wp-json\/wp\/v2\/product_brand?post=29454"},{"taxonomy":"product_cat","embeddable":true,"href":"https:\/\/gemology-cosmetics.ch\/de\/wp-json\/wp\/v2\/product_cat?post=29454"},{"taxonomy":"product_tag","embeddable":true,"href":"https:\/\/gemology-cosmetics.ch\/de\/wp-json\/wp\/v2\/product_tag?post=29454"}],"curies":[{"name":"wp","href":"https:\/\/api.w.org\/{rel}","templated":true}]}}