{"id":29458,"date":"2024-07-10T13:57:47","date_gmt":"2024-07-10T13:57:47","guid":{"rendered":"https:\/\/gemology-cosmetics.ch\/produit\/trousse-essentielle-6\/"},"modified":"2025-09-17T08:04:22","modified_gmt":"2025-09-17T08:04:22","slug":"trousse-essentielle-6","status":"publish","type":"product","link":"https:\/\/gemology-cosmetics.ch\/de\/produkt\/trousse-essentielle-6\/","title":{"rendered":"\u201eReinigendes\u201c Reiseset"},"content":{"rendered":"<p><strong>Gebrauchsanweisung:<\/strong><\/p>\n<ul>\n<li>\n<p><span><span>Sch\u00e4umender Felsschaum:\u00a0<\/span><\/span><em>Eine kleine Menge Schaum auf Gesicht und Hals auftragen. Mit feuchten Fingerspitzen einmassieren. Mit warmem Wasser entfernen.<\/em><\/p>\n<\/li>\n<li>\n<p><em><\/em><span><span>Rubinlotion:\u00a0<\/span><\/span><em>Morgens und abends nach der Reinigung oder dem Abschminken direkt mit den Fingern auf das Gesicht auftragen und glatt streichen. Ein Verwischen ist nicht n\u00f6tig.\u00a0<\/em><\/p>\n<\/li>\n<li>\n<p><em><\/em><span><span>Pearl of Z\u00e4rtlichkeit Gesichtspeeling:\u00a0<\/span><\/span><em>Eine kleine Menge mit den Fingerspitzen auf die trockene Haut (Gesicht und Hals) auftragen. 3 Minuten einmassieren. Mit warmem Wasser absp\u00fclen.<\/em><\/p>\n<\/li>\n<li>\n<p><em><\/em><span><span>Rubincreme:\u00a0<\/span><\/span><em>Morgens und\/oder abends auftragen.<\/em><\/p>\n<\/li>\n<\/ul>\n<p><strong>Zusammensetzung:<\/strong><\/p>\n<ul>\n<li>\n<p><span>DER <strong>Wei\u00dfer Quarz<\/strong><\/span>, reich an Silizium, spendet Feuchtigkeit und revitalisiert die Haut.<\/p>\n<\/li>\n<li>\n<p><span>DER <strong>Rubin<\/strong><\/span>, reich an Chrom, reguliert die Talgproduktion und mattiert die Haut.<\/p>\n<\/li>\n<li>\n<p><span>Dort <strong>Perlmutt<\/strong><\/span>, angereichert mit Kalzium, stimuliert die Zellerneuerung, wirkt wirkungsvoll gegen dunkle Flecken, stellt die Ausstrahlung wieder her und sorgt f\u00fcr einen \u201eWeichzeichner\u201c-Effekt.<\/p>\n<\/li>\n<\/ul>\n<p><strong>Unsere Verpflichtungen:<\/strong><\/p>\n<p>Die Verpackung dieses Produkts besteht aus Rohrzucker als Alternative zu Kunststoff. Seine einzigartigen Eigenschaften machen ihn zu einem \u00f6kologischen Material, das heute unverzichtbar ist.<\/p>\n<p>Verpackungen aus Zuckerrohr sind:<\/p>\n<ul>\n<li>Wertstoffe<\/li>\n<li>Biologisch gewonnen<\/li>\n<li>Biologisch abbaubar<\/li>\n<li>Kompostierbar<\/li>\n<\/ul>\n<p>Durch die Wahl von Zuckerrohr setzt Gemology seinen echten und aufrichtigen umweltbewussten Ansatz fort und begrenzt die Verbreitung von Plastik in der Natur.<\/p>","protected":false},"excerpt":{"rendered":"<p>Les 4 indispensables pour un grain de peau net et affin\u00e9 m\u00eame en voyage\u00a0! La peau est matifi\u00e9e, purifi\u00e9e et assainie. Une mani\u00e8re parfaite de tester les produits Gemology et un super cadeau \u00e0 offrir \u00e0 ses proches.<\/p>\n<p><strong>UNE TROUSSE COMPRENANT :<\/strong><\/p>\n<p>\u2013 Mousse de Roche\u00a0Nettoyant Visage (40ml) : gr\u00e2ce \u00e0 sa mousse g\u00e9n\u00e9reuse, permet de purifier et d\u00e9maquiller la peau en profondeur. Laisse sur le visage une v\u00e9ritable sensation de fra\u00eecheur.<\/p>\n<p>\u2013 Lotion Rubis (40 ml) : purifie et apporte de l\u2019\u00e9clat tout en limitant l\u2019exc\u00e8s de s\u00e9bum.<\/p>\n<p>\u2013 Perle de Tendresse Gommage Visage (15 ml) : agit comme un exfoliant, \u00e9liminer les cellules mortes et lisse la peau.<\/p>\n<p>\u2013 Cr\u00e8me Rubis (15 ml) : r\u00e9gule les s\u00e9cr\u00e9tions s\u00e9bac\u00e9es et lisse les premiers signes du temps. Elle redonne \u00e0 la peau sa matit\u00e9, sa fra\u00eecheur et son \u00e9quilibre.<\/p>","protected":false},"featured_media":29455,"comment_status":"open","ping_status":"closed","template":"","meta":[],"product_brand":[181],"product_cat":[236,226,205,206,208,204,200],"product_tag":[],"class_list":{"0":"post-29458","1":"product","2":"type-product","3":"status-publish","4":"has-post-thumbnail","6":"product_brand-gemology","7":"product_cat-formats-voyage-soins","8":"product_cat-idees-cadeaux-nos-selections","9":"product_cat-meilleures-ventes","10":"product_cat-nos-selections","11":"product_cat-nouveautes","12":"product_cat-set-decouverte","13":"product_cat-tous-les-produits","15":"first","16":"instock","17":"taxable","18":"shipping-taxable","19":"purchasable","20":"product-type-simple"},"_links":{"self":[{"href":"https:\/\/gemology-cosmetics.ch\/de\/wp-json\/wp\/v2\/product\/29458","targetHints":{"allow":["GET"]}}],"collection":[{"href":"https:\/\/gemology-cosmetics.ch\/de\/wp-json\/wp\/v2\/product"}],"about":[{"href":"https:\/\/gemology-cosmetics.ch\/de\/wp-json\/wp\/v2\/types\/product"}],"replies":[{"embeddable":true,"href":"https:\/\/gemology-cosmetics.ch\/de\/wp-json\/wp\/v2\/comments?post=29458"}],"version-history":[{"count":0,"href":"https:\/\/gemology-cosmetics.ch\/de\/wp-json\/wp\/v2\/product\/29458\/revisions"}],"wp:featuredmedia":[{"embeddable":true,"href":"https:\/\/gemology-cosmetics.ch\/de\/wp-json\/wp\/v2\/media\/29455"}],"wp:attachment":[{"href":"https:\/\/gemology-cosmetics.ch\/de\/wp-json\/wp\/v2\/media?parent=29458"}],"wp:term":[{"taxonomy":"product_brand","embeddable":true,"href":"https:\/\/gemology-cosmetics.ch\/de\/wp-json\/wp\/v2\/product_brand?post=29458"},{"taxonomy":"product_cat","embeddable":true,"href":"https:\/\/gemology-cosmetics.ch\/de\/wp-json\/wp\/v2\/product_cat?post=29458"},{"taxonomy":"product_tag","embeddable":true,"href":"https:\/\/gemology-cosmetics.ch\/de\/wp-json\/wp\/v2\/product_tag?post=29458"}],"curies":[{"name":"wp","href":"https:\/\/api.w.org\/{rel}","templated":true}]}}