{"id":29462,"date":"2024-07-11T16:32:50","date_gmt":"2024-07-11T16:32:50","guid":{"rendered":"https:\/\/gemology-cosmetics.ch\/produit\/trousse-essentielle-7\/"},"modified":"2025-09-17T08:04:22","modified_gmt":"2025-09-17T08:04:22","slug":"trousse-essentielle-7","status":"publish","type":"product","link":"https:\/\/gemology-cosmetics.ch\/de\/produkt\/trousse-essentielle-7\/","title":{"rendered":"Diamant-Reiseset"},"content":{"rendered":"<p><strong>Gebrauchsanweisung:<\/strong><\/p>\n<ul>\n<li><span>Pearly Jewel Gesichts-Make-up-Entferner:\u00a0<\/span><em>Nehmen Sie eine kleine Menge in Ihre H\u00e4nde und emulgieren Sie sie auf der Haut, sodass sich die Milch in Wasser verwandelt, und sp\u00fclen Sie sie anschlie\u00dfend mit feuchten Kompressen ab.<\/em><\/li>\n<\/ul>\n<ul>\n<li>\n<p>Sch\u00e4umender Felsschaum:\u00a0<em>Eine kleine Menge Schaum auf Gesicht und Hals auftragen. Mit feuchten Fingerspitzen einmassieren. Mit warmem Wasser entfernen.<\/em><\/p>\n<\/li>\n<\/ul>\n<ul>\n<li>Rosenquarz-Gesichtslotion:\u00a0<em>Morgens und abends nach der Reinigung oder dem Abschminken direkt mit den Fingern auf das Gesicht auftragen und glatt streichen. Ein Verwischen ist nicht n\u00f6tig.<\/em><\/li>\n<\/ul>\n<ul>\n<li><span>Pearl of Z\u00e4rtlichkeit Gesichtspeeling:\u00a0<\/span><em>Morgens und\/oder abends auftragen.<\/em><\/li>\n<\/ul>\n<ul>\n<li>Opal Gesichtscreme: Revitalisierend, sch\u00fctzend:\u00a0<em>Morgens und\/oder abends auftragen.<\/em><\/li>\n<\/ul>\n<ul>\n<li>\n<p class=\"page-title\">Diamant-Gelmaske:\u00a0<em>Schutzfolie entfernen. Beide Teile auf das gereinigte Gesicht legen. 30 Minuten einwirken lassen und das restliche Produkt einmassieren, bis es vollst\u00e4ndig eingezogen ist.<\/em><\/p>\n<\/li>\n<\/ul>\n<\/p>\n<p><strong>Zusammensetzung:<\/strong><\/p>\n<p><span>Dort <strong>Mondstein<\/strong><\/span>, reich an Kalium und Silizium, reinigt und hydratisiert.<\/p>\n<p><span>DER <strong>Rosenquarz<\/strong><\/span>, reich an Silizium und Schwefel, beruhigt und hydratisiert die Haut.<\/p>\n<p><span>Dort <strong>Perlmutt<\/strong><\/span>, angereichert mit Kalzium, stimuliert die Zellerneuerung, wirkt wirkungsvoll gegen dunkle Flecken, stellt die Ausstrahlung wieder her und sorgt f\u00fcr einen \u201eWeichzeichner\u201c-Effekt.<\/p>\n<p>L<strong>&#039;Opal<\/strong>, reich an Silizium, ist f\u00fcr seine feuchtigkeitsspendenden und die Kollagensynthese anregenden Eigenschaften bekannt.<\/p>\n<p>DER <strong>Diamant<\/strong>\u00a0hat eine Anti-Falten-Wirkung und einen \u201eWeichzeichner\u201c-Effekt: Dank eines sehr hohen Brechungsindex f\u00e4ngt und streut Diamant Licht und gl\u00e4ttet so F\u00e4ltchen. Diamant sorgt durch die Lichtreflexion f\u00fcr eine sichtbare Reduzierung von F\u00e4ltchen.<\/p>\n<p><strong>Unsere Verpflichtungen:<\/strong><\/p>\n<p>Die Verpackung dieses Produkts besteht aus Rohrzucker als Alternative zu Kunststoff. Seine einzigartigen Eigenschaften machen ihn zu einem \u00f6kologischen Material, das heute unverzichtbar ist.<\/p>\n<p>Verpackungen aus Zuckerrohr sind:<\/p>\n<ul>\n<li>Wertstoffe<\/li>\n<li>Biologisch gewonnen<\/li>\n<li>Biologisch abbaubar<\/li>\n<li>Kompostierbar<\/li>\n<\/ul>\n<p>Durch die Wahl von Zuckerrohr setzt Gemology seinen echten und aufrichtigen umweltbewussten Ansatz fort und begrenzt die Verbreitung von Plastik in der Natur.<\/p>","protected":false},"excerpt":{"rendered":"<p><span>Les 6 incontournables anti-\u00e2ge Gemology r\u00e9unis dans une trousse ! La solution id\u00e9ale pour garder une peau propre, hydrat\u00e9e, repulp\u00e9e et liss\u00e9e m\u00eame loin de chez soi, sans s\u2019encombrer. Une mani\u00e8re parfaite de tester les produits Gemology et un super cadeau \u00e0 offrir \u00e0 ses proches.<\/span><\/p>\n<p><strong>Une Trousse\u00a0Comprenant:<\/strong><\/p>\n<ul>\n<li>\n<p>Bijou Nacr\u00e9, d\u00e9maquillant visage (40 ml) : \u00e9limine en douceur le maquillage et les impuret\u00e9s quotidiennes.<\/p>\n<\/li>\n<li>Mousse de Roche\u00a0Nettoyant Visage (40ml) : gr\u00e2ce \u00e0 sa mousse g\u00e9n\u00e9reuse, permet de purifier et d\u00e9maquiller la peau en profondeur. Laisse sur le visage une v\u00e9ritable sensation de fra\u00eecheur.<\/li>\n<li>\n<p>Quartz Rose Lotion Visage (40 ml) : v\u00e9ritable produit de soin elle purifie, adoucit la peau et apporte une sensation de fra\u00eecheur unique.<\/p>\n<\/li>\n<li>\n<p>Perle de Tendresse Gommage Visage (15ml) : votre meilleur alli\u00e9 beaut\u00e9 pour un nettoyage intense, ce gommage \u00e9limine les cellules mortes et lisse la peau.<\/p>\n<\/li>\n<li>\n<p>Cr\u00e8me visage Opale (15ml) : \u00a0apporte un confort optimal, assouplit et adoucit la peau<\/p>\n<\/li>\n<li>\n<p class=\"page-title\">Masque Gel Diamant x3:\u00a0L&rsquo;\u00e9clat du teint est raviv\u00e9, les rides et ridules sont visiblement estomp\u00e9es. La peau est liss\u00e9e et hydrat\u00e9e.<\/p>\n<\/li>\n<\/ul>","protected":false},"featured_media":29459,"comment_status":"open","ping_status":"closed","template":"","meta":[],"product_brand":[181],"product_cat":[246,236,226,205,206,208,204,200],"product_tag":[],"class_list":{"0":"post-29462","1":"product","2":"type-product","3":"status-publish","4":"has-post-thumbnail","6":"product_brand-gemology","7":"product_cat-anti-age-soins","8":"product_cat-formats-voyage-soins","9":"product_cat-idees-cadeaux-nos-selections","10":"product_cat-meilleures-ventes","11":"product_cat-nos-selections","12":"product_cat-nouveautes","13":"product_cat-set-decouverte","14":"product_cat-tous-les-produits","16":"first","17":"instock","18":"taxable","19":"shipping-taxable","20":"purchasable","21":"product-type-simple"},"_links":{"self":[{"href":"https:\/\/gemology-cosmetics.ch\/de\/wp-json\/wp\/v2\/product\/29462","targetHints":{"allow":["GET"]}}],"collection":[{"href":"https:\/\/gemology-cosmetics.ch\/de\/wp-json\/wp\/v2\/product"}],"about":[{"href":"https:\/\/gemology-cosmetics.ch\/de\/wp-json\/wp\/v2\/types\/product"}],"replies":[{"embeddable":true,"href":"https:\/\/gemology-cosmetics.ch\/de\/wp-json\/wp\/v2\/comments?post=29462"}],"version-history":[{"count":0,"href":"https:\/\/gemology-cosmetics.ch\/de\/wp-json\/wp\/v2\/product\/29462\/revisions"}],"wp:featuredmedia":[{"embeddable":true,"href":"https:\/\/gemology-cosmetics.ch\/de\/wp-json\/wp\/v2\/media\/29459"}],"wp:attachment":[{"href":"https:\/\/gemology-cosmetics.ch\/de\/wp-json\/wp\/v2\/media?parent=29462"}],"wp:term":[{"taxonomy":"product_brand","embeddable":true,"href":"https:\/\/gemology-cosmetics.ch\/de\/wp-json\/wp\/v2\/product_brand?post=29462"},{"taxonomy":"product_cat","embeddable":true,"href":"https:\/\/gemology-cosmetics.ch\/de\/wp-json\/wp\/v2\/product_cat?post=29462"},{"taxonomy":"product_tag","embeddable":true,"href":"https:\/\/gemology-cosmetics.ch\/de\/wp-json\/wp\/v2\/product_tag?post=29462"}],"curies":[{"name":"wp","href":"https:\/\/api.w.org\/{rel}","templated":true}]}}