{"id":30132,"date":"2025-10-14T13:21:44","date_gmt":"2025-10-14T13:21:44","guid":{"rendered":"https:\/\/gemology-cosmetics.ch\/?post_type=product&#038;p=30132"},"modified":"2025-10-15T06:48:30","modified_gmt":"2025-10-15T06:48:30","slug":"huile-de-massage-peridot-corps-500ml","status":"publish","type":"product","link":"https:\/\/gemology-cosmetics.ch\/de\/produkt\/huile-de-massage-peridot-corps-500ml\/","title":{"rendered":"Peridot-K\u00f6rpermassage\u00f6l 500 ml"},"content":{"rendered":"<section aria-labelledby=\"accroche\">\n<h2 id=\"accroche\">Entspannendes, revitalisierendes &amp; pflegendes Gesichts\u00f6l<\/h2>\n<p>D\u00e9lice de P\u00e9ridot kombiniert den mineralischen Reichtum des Peridots, angereichert mit Magnesium, mit drei \u00e4therischen \u00d6len aus Cadierholz, Grapefruit und Rose. Diese Synergie stimuliert die Synthese von Kollagen und ATP, einer zellul\u00e4ren Energiequelle, und sorgt f\u00fcr eine bew\u00e4hrte Anti-Aging- und Anti-Stress-Wirkung. Die Haut gewinnt an Wohlbefinden, Ausgeglichenheit und Vitalit\u00e4t.<\/p>\n<\/section>\n<section aria-labelledby=\"actifs\">\n<h3 id=\"Actifs\">Peridot, reich an Magnesium: ein Wirkstoff gegen M\u00fcdigkeit und Alterung, der die Haut intensiv revitalisiert<\/h3>\n<\/section>\n<section aria-labelledby=\"resultats\"><strong>Ergebnisse:<\/strong>\u00a0Gepflegte, hydratisierte, straffere und straffere Haut. Sie wirkt erholt und sichtbar j\u00fcnger.<strong>Ideal f\u00fcr:<\/strong>\u00a0Dehydrierte, gestresste Haut mit den Zeichen der Hautalterung.<strong>Duft:<\/strong>\u00a0Die Frische von Zitrusfr\u00fcchten verbindet sich mit der Zartheit von Rose und der warmen Basis von Cadmiumholz.<\/section>","protected":false},"excerpt":{"rendered":"<p>Huile visage relaxante et revitalisante au P\u00e9ridot, riche en magn\u00e9sium. Sa synergie d\u2019huiles essentielles de bois de cadier, pamplemousse et rose stimule le collag\u00e8ne et l\u2019\u00e9nergie cellulaire pour une peau nourrie, tonique et visiblement plus jeune. Fragrance fra\u00eeche et florale aux notes bois\u00e9es.<\/p>","protected":false},"featured_media":30134,"comment_status":"open","ping_status":"closed","template":"","meta":[],"product_brand":[181],"product_cat":[234,236,206,208,202,356,200],"product_tag":[],"class_list":{"0":"post-30132","1":"product","2":"type-product","3":"status-publish","4":"has-post-thumbnail","6":"product_brand-gemology","7":"product_cat-corps-et-cheveux-soins","8":"product_cat-formats-voyage-soins","9":"product_cat-nos-selections","10":"product_cat-nouveautes","11":"product_cat-soins","12":"product_cat-spa","13":"product_cat-tous-les-produits","15":"first","16":"instock","17":"taxable","18":"shipping-taxable","19":"purchasable","20":"product-type-simple"},"_links":{"self":[{"href":"https:\/\/gemology-cosmetics.ch\/de\/wp-json\/wp\/v2\/product\/30132","targetHints":{"allow":["GET"]}}],"collection":[{"href":"https:\/\/gemology-cosmetics.ch\/de\/wp-json\/wp\/v2\/product"}],"about":[{"href":"https:\/\/gemology-cosmetics.ch\/de\/wp-json\/wp\/v2\/types\/product"}],"replies":[{"embeddable":true,"href":"https:\/\/gemology-cosmetics.ch\/de\/wp-json\/wp\/v2\/comments?post=30132"}],"version-history":[{"count":2,"href":"https:\/\/gemology-cosmetics.ch\/de\/wp-json\/wp\/v2\/product\/30132\/revisions"}],"predecessor-version":[{"id":30136,"href":"https:\/\/gemology-cosmetics.ch\/de\/wp-json\/wp\/v2\/product\/30132\/revisions\/30136"}],"wp:featuredmedia":[{"embeddable":true,"href":"https:\/\/gemology-cosmetics.ch\/de\/wp-json\/wp\/v2\/media\/30134"}],"wp:attachment":[{"href":"https:\/\/gemology-cosmetics.ch\/de\/wp-json\/wp\/v2\/media?parent=30132"}],"wp:term":[{"taxonomy":"product_brand","embeddable":true,"href":"https:\/\/gemology-cosmetics.ch\/de\/wp-json\/wp\/v2\/product_brand?post=30132"},{"taxonomy":"product_cat","embeddable":true,"href":"https:\/\/gemology-cosmetics.ch\/de\/wp-json\/wp\/v2\/product_cat?post=30132"},{"taxonomy":"product_tag","embeddable":true,"href":"https:\/\/gemology-cosmetics.ch\/de\/wp-json\/wp\/v2\/product_tag?post=30132"}],"curies":[{"name":"wp","href":"https:\/\/api.w.org\/{rel}","templated":true}]}}